{"id":134,"date":"2018-06-08T13:10:25","date_gmt":"2018-06-08T12:10:25","guid":{"rendered":"http:\/\/airamformacion.es\/?page_id=134"},"modified":"2018-06-15T13:10:27","modified_gmt":"2018-06-15T12:10:27","slug":"certificados-iso","status":"publish","type":"page","link":"https:\/\/airamformacion.es\/index.php\/certificados-iso\/","title":{"rendered":"Certificados ISO"},"content":{"rendered":"[vc_section full_width=&#8221;yes&#8221; content_placement=&#8221;middle&#8221; bg_position=&#8221;left top&#8221; bg_cover=&#8221;&#8221;][vc_row content_placement=&#8221;middle&#8221; equal_height=&#8221;yes&#8221; css_animation=&#8221;bounceInLeft&#8221; wn_class=&#8221;wn-row-5b1f97a6bb130&#8243; css=&#8221;.vc_custom_1528797102911{padding-right: 0px !important;padding-left: 0px !important;}&#8221;][vc_column width=&#8221;7\/12&#8243; css=&#8221;.vc_custom_1510562473956{padding-right: 8% !important;padding-left: 16% !important;}&#8221;]\n\t\t<div class=\"wn-deep-title-wrap wn-layer-anim-bottom  \"    \" data-id=\"1\">\n\t\t\t<div class=\"wn-deep-title\">\n\t\t\t\t<span class=\"wn-deep-title-shape after shape-coutn-0\"><\/span><h3 class=\"  wn-deep-innertitle\">IMPLANTA EN TU EMPRESA<\/h3><h1 class=\"  wn-deep-subtitle\">CERTIFICADOS ISO<\/h1>\n\t\t\t<\/div>\n\t\t<\/div>[vc_column_text css_animation=&#8221;zoomInRight&#8221; enable_animation_pro=&#8221;&#8221;]\n<p style=\"text-align: justify;\">Las normas ISO son documentos que especifican requerimientos que pueden ser empleados en organizaciones para garantizar que los productos y\/o servicios ofrecidos por dichas organizaciones cumplen con su objetivo. El objetivo perseguido por las normas ISO es asegurar que los productos y\/o servicios alcanzan la calidad deseada. En los negocios, los est\u00e1ndares ISO hacen posible que:<\/p>\n[\/vc_column_text]<div class=\"wn-distance-50 wn-distance-mob-20\"><\/div>[vc_row_inner layer_animation=&#8221;wn-layer-anim-bottom&#8221;][vc_column_inner width=&#8221;1\/2&#8243;]<article class=\"wn-icon-box icon-box-id-1 icon-box26 tlp    \"  ><div class=\"icon-wrap\"><i class=\"wn-icon-1 icon-ecommerce-euro  \"><\/i><\/div><h4 class=\"title-style\">REDUZCA LOS COSTOS<\/h4><p class=\"content-style\">Disponer de una certificaci\u00f3n ISO, permite una optimizaci\u00f3n de las operaciones.<\/p><\/article>[\/vc_column_inner][vc_column_inner width=&#8221;1\/2&#8243;]<article class=\"wn-icon-box icon-box-id-2 icon-box26 tlp    \"  ><div class=\"icon-wrap\"><i class=\"wn-icon-2 ti-face-smile  \"><\/i><\/div><h4 class=\"title-style\">SATISFACCI\u00d3N DEL CLIENTE<\/h4><p class=\"content-style\">Mejora los productos cumpliendo con las exigencias de los usuarios.<\/p><\/article>[\/vc_column_inner][\/vc_row_inner][vc_row_inner layer_animation=&#8221;wn-layer-anim-bottom&#8221;][vc_column_inner width=&#8221;1\/2&#8243;]<article class=\"wn-icon-box icon-box-id-3 icon-box26 tlp    \"  ><div class=\"icon-wrap\"><i class=\"wn-icon-3 icon-basic-world  \"><\/i><\/div><h4 class=\"title-style\">NUEVOS MERCADOS<\/h4><p class=\"content-style\">Reduce las barreras accediendo al comercio internacional.<\/p><\/article>[\/vc_column_inner][vc_column_inner width=&#8221;1\/2&#8243;]<article class=\"wn-icon-box icon-box-id-4 icon-box26 tlp    \"  ><div class=\"icon-wrap\"><i class=\"wn-icon-4 icon-ecommerce-graph-increase  \"><\/i><\/div><h4 class=\"title-style\"> M\u00c1S CUOTA DE COMERCIO<\/h4><p class=\"content-style\">Consigue una ventaja competitiva gracias a nuestro Certificado.<\/p><\/article>[\/vc_column_inner][\/vc_row_inner][\/vc_column][vc_column width=&#8221;5\/12&#8243; wn_class=&#8221;wn-column-5b1f8d0f88cac&#8221; css=&#8221;.vc_custom_1528794738467{padding-right: 0px !important;}&#8221;][vc_single_image image=&#8221;175&#8243; img_size=&#8221;full&#8221; enable_animation_pro=&#8221;&#8221; el_class=&#8221;dp-e-s3-p&#8221;][\/vc_column][\/vc_row][\/vc_section][vc_section full_width=&#8221;yes&#8221; bg_cover=&#8221;&#8221; responsive_bg_none=&#8221;respo-bg-none&#8221; wn_class=&#8221;wn-section-5aa783bd1308b&#8221; el_class=&#8221;second-section-brief&#8221; css=&#8221;.vc_custom_1528798975536{background-color: #ededed !important;}&#8221;][vc_row equal_height=&#8221;yes&#8221; wn_bg_image=&#8221;54&#8243; bg_position=&#8221;center top&#8221; bg_cover=&#8221;&#8221; wn_class=&#8221;wn-row-5aa7869f24dc8&#8243;][vc_column width=&#8221;1\/12&#8243; wn_class=&#8221;wn-column-5aca04142c170&#8243;][\/vc_column][vc_column width=&#8221;5\/12&#8243; wn_class=&#8221;wn-column-5aa7855e7e7b5&#8243; css=&#8221;.vc_custom_1522821981403{margin-top: 0px !important;padding-right: 15% !important;}&#8221; el_class=&#8221;wn-padding-responsive&#8221;]<div class=\"wn-distance-40 wn-distance-mob-50\"><\/div>\n\t\t<div class=\"wn-deep-title-wrap wn-layer-anim-right  \"    \" data-id=\"2\">\n\t\t\t<div class=\"wn-deep-title\">\n\t\t\t\t<span class=\"wn-deep-title-shape after shape-coutn-0\"><\/span><h1 class=\"  wn-deep-innertitle\">CONSULTORES ESPECIALIZADOS EN NORMAS ISO<\/h1>\n\t\t\t<\/div>\n\t\t<\/div><div class=\"wn-distance-40 wn-distance-mob-20\"><\/div>[vc_column_text css_animation=&#8221;bounceIn&#8221; el_class=&#8221;mechani-home-text-with-icon&#8221;]<strong>\u00bb PROCEDIMIENTOS CERTIFICADOS<\/strong><br \/>\nMejoramos la calidad y la seguridad.<\/p>\n<p><strong>\u00bb PRECIO AJUSTADO<\/strong><br \/>\nNos basamos en sus necesidades reales.<\/p>\n<p><strong>\u00bb SOPORTE CONSTANTE<\/strong><br \/>\nEstamos para atender sus consultas.[\/vc_column_text]<div class=\"wn-distance-40 wn-distance-mob-100\"><\/div>[\/vc_column][vc_column width=&#8221;6\/12&#8243; wn_class=&#8221;wn-column-5aa78d99db6be&#8221; css=&#8221;.vc_custom_1520930214604{margin-top: -65px !important;}&#8221;][vc_single_image image=&#8221;187&#8243; img_size=&#8221;full&#8221; enable_animation_pro=&#8221;true&#8221; vertical_movement=&#8221;50px&#8221;]<div class=\"wn-distance-100 wn-distance-mob-40\"><\/div><div class=\"wn-distance-100 wn-distance-mob-40\"><\/div><div class=\"wn-distance-20 wn-distance-mob-40\"><\/div>[vc_column_text css_animation=&#8221;bounceIn&#8221; el_class=&#8221;mechani-home-text-with-icon&#8221;]<strong>\u00bb ADECUADO AL CLIENTE<\/strong><br \/>\nRealizamos consultor\u00edas de forma espec\u00edfica.<\/p>\n<p><strong>\u00bb\u00a0RAPIDEZ<\/strong><br \/>\nSabemos que el tiempo vale oro. No le haremos esperar.[\/vc_column_text][\/vc_column][\/vc_row][\/vc_section][vc_section wn_parallax=&#8221;content-moving&#8221; wn_parallax_speed=&#8221;190&#8243; wn_class=&#8221;wn-section-5b1fa9404c048&#8243; css=&#8221;.vc_custom_1528801621039{background-image: url(http:\/\/airamformacion.es\/wp-content\/uploads\/2018\/06\/dp-blx02.jpg?id=115) !important;}&#8221;][vc_row][vc_column]<div class=\"wn-distance-100 wn-distance-mob-50\"><\/div>\n\t\t<div class=\"wn-deep-title-wrap   \"    \" data-id=\"3\">\n\t\t\t<div class=\"wn-deep-title\">\n\t\t\t\t<span class=\"wn-deep-title-shape after shape-coutn-0\"><\/span><h2 class=\"  wn-deep-innertitle\">\u00bfQUE ES UNA ISO?<\/h2>\n\t\t\t<\/div>\n\t\t<\/div><div class=\"wn-distance-80 wn-distance-mob-40\"><\/div>[vc_row_inner layer_animation=&#8221;wn-layer-anim-bottom&#8221;][vc_column_inner width=&#8221;1\/3&#8243;]<article class=\"wn-icon-box icon-box-id-5 icon-box4 tlp    \"  ><i class=\"wn-icon-5 ti-check  \"><\/i><h4 class=\"title-style\">ISO 9001:2015<\/h4><p class=\"content-style\">Son normas gen\u00e9ricas complementarias a las especificaciones de los productos, que crean Sistemas de Calidad que den como resultado la mejora cont\u00ednua de la calidad y una satisfacci\u00f3n creciente de todos los clientes de una organizaci\u00f3n<\/p><\/article><div class=\"wn-distance-40 wn-distance-mob-20\"><\/div>[\/vc_column_inner][vc_column_inner width=&#8221;1\/3&#8243;]<article class=\"wn-icon-box icon-box-id-6 icon-box4 tlp    \"  ><i class=\"wn-icon-6 ti-check  \"><\/i><h4 class=\"title-style\">ISO 14001:2015<\/h4><p class=\"content-style\">Son una serie de est\u00e1ndares internacionales, que especifica los requerimientos para preparar e implantar un sistema de gesti\u00f3n que asegure que la organizaci\u00f3n se preocupa por la preservaci\u00f3n del medio ambiente y la prevenci\u00f3n de la contaminaci\u00f3n.<\/p><\/article><div class=\"wn-distance-40 wn-distance-mob-20\"><\/div>[\/vc_column_inner][vc_column_inner width=&#8221;1\/3&#8243;]<article class=\"wn-icon-box icon-box-id-7 icon-box4 tlp    \"  ><i class=\"wn-icon-7 ti-check  \"><\/i><h4 class=\"title-style\">ISO 27001:2013<\/h4><p class=\"content-style\">ISO 27001 es una norma internacional emitida por la Organizaci\u00f3n Internacional de Normalizaci\u00f3n (ISO) y describe c\u00f3mo gestionar la seguridad de la informaci\u00f3n en una empresa.<\/p><\/article><div class=\"wn-distance-40 wn-distance-mob-20\"><\/div>[\/vc_column_inner][\/vc_row_inner]<div class=\"wn-distance-100 wn-distance-mob-40\"><\/div>[\/vc_column][\/vc_row][\/vc_section][vc_section full_height=&#8221;yes&#8221; bg_cover=&#8221;&#8221; wn_class=&#8221;wn-section-5aa7887f05bea&#8221;][vc_row wn_class=&#8221;wn-row-5ac9e3028523e&#8221;][vc_column wn_class=&#8221;wn-column-5ac9e30285024&#8243;]<div class=\"wn-distance-100 wn-distance-mob-50\"><\/div>[\/vc_column][\/vc_row][vc_row wn_class=&#8221;wn-row-5ac9e3028523e&#8221;][vc_column css_animation=&#8221;bottom-to-top&#8221; width=&#8221;5\/12&#8243; wn_class=&#8221;wn-column-5aa77f240ff3d&#8221; el_class=&#8221;dp-s-iphone-x-sec&#8221; css=&#8221;.vc_custom_1520928838753{background-position: center !important;background-repeat: no-repeat !important;background-size: contain !important;}&#8221;]<div class=\"wn-distance-80 wn-distance-mob-10\"><\/div>[vc_single_image image=&#8221;180&#8243; img_size=&#8221;full&#8221; alignment=&#8221;center&#8221; css_animation=&#8221;bottom-to-top&#8221; enable_animation_pro=&#8221;&#8221;][\/vc_column][vc_column width=&#8221;4\/12&#8243; wn_class=&#8221;wn-column-5aa7809c6f321&#8243; el_class=&#8221;dp-s-h-circle&#8221;]\n\t\t<div class=\"wn-deep-title-wrap   \"    \" data-id=\"4\">\n\t\t\t<div class=\"wn-deep-title\">\n\t\t\t\t<span class=\"wn-deep-title-shape after shape-coutn-0\"><\/span><h3 class=\"  wn-deep-innertitle\">\u00bfQU\u00c9 BENEFICIOS ME APORTA UNA ISO?<\/h3>\n\t\t\t<\/div>\n\t\t<\/div><div class=\"wn-distance-30 wn-distance-mob-10\"><\/div>[vc_column_text css_animation=&#8221;none&#8221; enable_animation_pro=&#8221;&#8221; css=&#8221;.vc_custom_1528805296694{margin-bottom: 33px !important;padding-right: 6% !important;}&#8221;]\n<p style=\"text-align: justify;\">El uso de las normas ISO puede ofrecer herramientas empresariales y de marketing potentes a organizaciones de cualquier tama\u00f1o. Puede utilizarlas para ajustar de forma precisa su desempe\u00f1o y para gestionar los riesgos al tiempo que se trabaja de un modo m\u00e1s eficaz y con modos m\u00e1s sostenibles.<\/p>\n<hr \/>\n<p style=\"text-align: justify; color: #1d1d1b;\">Le permitir\u00e1n demostrar la calidad de lo que hace a sus clientes y le ayudar\u00e1n a ver el modo de integrar las mejores pr\u00e1cticas en su organizaci\u00f3n.<\/p>\n[\/vc_column_text][\/vc_column][\/vc_row][vc_row row_type=&#8221;1&#8243;][vc_column width=&#8221;1\/3&#8243; css=&#8221;.vc_custom_1485091146015{padding-bottom: 5px !important;}&#8221;]<article class=\"wn-icon-box icon-box-id-8 icon-box17 tlp    \"  ><h4 class=\"title-style\">ISO 14001:2015<\/h4><p class=\"content-style\"><strong>BENEFICIOS INTERNOS<\/strong><br \/>\nCumplimiento de la legislaci\u00f3n ambiental aplicable.<br \/>\nAhorro de costes.<br \/>\nReducci\u00f3n del impacto ambiental.<br \/>\nVentajas de mercado.<\/p>\n<p><strong>POR QU\u00c9 CERTIFICAR ISO 14001<\/strong><br \/>\nPermite establecer compromisos de pol\u00edtica ambiental.<br \/>\nPermite mantener un orden regulatorio.<br \/>\nPermite posicionar la imagen de la empresa.<\/p><\/article>[\/vc_column][vc_column width=&#8221;1\/3&#8243;]<article class=\"wn-icon-box icon-box-id-9 icon-box17 tlp    \"  ><h4 class=\"title-style\">ISO 9001:2015<\/h4><p class=\"content-style\"><strong>BENEFICIOS INTERNOS<\/strong><br \/>\nMejor comunicaci\u00f3n y calidad en la informaci\u00f3n.<br \/>\nDefinici\u00f3n clara de las responsabilidades dentro de la organizaci\u00f3n.<br \/>\nConocer las causas reales de los problemas.<br \/>\nDisminuci\u00f3n de costos a causa de rechazos y desperdicios.<br \/>\nPrevenci\u00f3n de los problemas, no correcci\u00f3n<\/p>\n<p><strong>BENEFICIOS EXTERNOS<\/strong><br \/>\nEntrar a nuevos mercados.<br \/>\nEntrar a nuevos mercados.<br \/>\nReducci\u00f3n de auditorias por parte de los clientes.<br \/>\nSatisfacci\u00f3n de requerimientos de los clientes.<\/p><\/article>[\/vc_column][vc_column width=&#8221;1\/3&#8243;]<article class=\"wn-icon-box icon-box-id-10 icon-box17 tlp    \"  ><h4 class=\"title-style\">ISO 27001:2013<\/h4><p class=\"content-style\"><strong>BENEFICIOS INTERNOS<\/strong><br \/>\nAseguramiento del cumplimiento de la legislaci\u00f3n.<br \/>\nAhorro de costes.<br \/>\nVentajas de mercado .<\/p>\n<p><strong>POR QU\u00c9 CERTIFICAR ISO 27001<\/strong><br \/>\nLa empresa tiene control sobre todos los riesgos en Seguridad.<br \/>\nPotenciaci\u00f3n de la imagen de la empresa de cara a los clientes.<br \/>\nCompromiso con la seguridad de datos personales de sus clientes.<br \/>\nEs un hecho diferenciador para la empresa.<\/p>\n<\/article>[\/vc_column][\/vc_row][\/vc_section][vc_row][vc_column]<div class=\"wn-distance-50 wn-distance-mob-inherit\"><\/div>[\/vc_column][\/vc_row]\n","protected":false},"excerpt":{"rendered":"<p>[vc_section full_width=&#8221;yes&#8221; content_placement=&#8221;middle&#8221; bg_position=&#8221;left top&#8221; bg_cover=&#8221;&#8221;][vc_row content_placement=&#8221;middle&#8221; equal_height=&#8221;yes&#8221; css_animation=&#8221;bounceInLeft&#8221; wn_class=&#8221;wn-row-5b1f97a6bb130&#8243; css=&#8221;.vc_custom_1528797102911{padding-right: 0px !important;padding-left: 0px !important;}&#8221;][vc_column width=&#8221;7\/12&#8243; css=&#8221;.vc_custom_1510562473956{padding-right: 8% !important;padding-left: 16% !important;}&#8221;][vc_column_text css_animation=&#8221;zoomInRight&#8221; enable_animation_pro=&#8221;&#8221;] Las normas ISO son documentos que especifican requerimientos que pueden ser empleados en organizaciones para garantizar que los productos y\/o servicios ofrecidos por dichas organizaciones cumplen con su objetivo. El objetivo perseguido por las normas ISO es asegurar que los productos y\/o servicios alcanzan la calidad deseada. En los negocios, los est\u00e1ndares ISO hacen posible que: [\/vc_column_text][vc_row_inner layer_animation=&#8221;wn-layer-anim-bottom&#8221;][vc_column_inner width=&#8221;1\/2&#8243;][\/vc_column_inner][vc_column_inner width=&#8221;1\/2&#8243;][\/vc_column_inner][\/vc_row_inner][vc_row_inner layer_animation=&#8221;wn-layer-anim-bottom&#8221;][vc_column_inner width=&#8221;1\/2&#8243;][\/vc_column_inner][vc_column_inner width=&#8221;1\/2&#8243;][\/vc_column_inner][\/vc_row_inner][\/vc_column][vc_column width=&#8221;5\/12&#8243; wn_class=&#8221;wn-column-5b1f8d0f88cac&#8221; css=&#8221;.vc_custom_1528794738467{padding-right: 0px !important;}&#8221;][vc_single_image image=&#8221;175&#8243; img_size=&#8221;full&#8221; enable_animation_pro=&#8221;&#8221; el_class=&#8221;dp-e-s3-p&#8221;][\/vc_column][\/vc_row][\/vc_section][vc_section full_width=&#8221;yes&#8221; bg_cover=&#8221;&#8221; responsive_bg_none=&#8221;respo-bg-none&#8221; wn_class=&#8221;wn-section-5aa783bd1308b&#8221; el_class=&#8221;second-section-brief&#8221; css=&#8221;.vc_custom_1528798975536{background-color: #ededed !important;}&#8221;][vc_row equal_height=&#8221;yes&#8221; wn_bg_image=&#8221;54&#8243; bg_position=&#8221;center top&#8221; bg_cover=&#8221;&#8221; wn_class=&#8221;wn-row-5aa7869f24dc8&#8243;][vc_column width=&#8221;1\/12&#8243; wn_class=&#8221;wn-column-5aca04142c170&#8243;][\/vc_column][vc_column width=&#8221;5\/12&#8243; wn_class=&#8221;wn-column-5aa7855e7e7b5&#8243; css=&#8221;.vc_custom_1522821981403{margin-top: 0px !important;padding-right: 15% !important;}&#8221; el_class=&#8221;wn-padding-responsive&#8221;][vc_column_text css_animation=&#8221;bounceIn&#8221; el_class=&#8221;mechani-home-text-with-icon&#8221;]\u00bb PROCEDIMIENTOS CERTIFICADOS Mejoramos la calidad y la seguridad. \u00bb PRECIO AJUSTADO Nos basamos en sus necesidades reales. \u00bb SOPORTE CONSTANTE Estamos para atender sus consultas.[\/vc_column_text][\/vc_column][vc_column width=&#8221;6\/12&#8243; wn_class=&#8221;wn-column-5aa78d99db6be&#8221; css=&#8221;.vc_custom_1520930214604{margin-top: -65px !important;}&#8221;][vc_single_image image=&#8221;187&#8243; img_size=&#8221;full&#8221; enable_animation_pro=&#8221;true&#8221; vertical_movement=&#8221;50px&#8221;][vc_column_text css_animation=&#8221;bounceIn&#8221; el_class=&#8221;mechani-home-text-with-icon&#8221;]\u00bb ADECUADO AL CLIENTE Realizamos consultor\u00edas de forma espec\u00edfica. \u00bb\u00a0RAPIDEZ Sabemos que el tiempo vale oro. No le haremos esperar.[\/vc_column_text][\/vc_column][\/vc_row][\/vc_section][vc_section wn_parallax=&#8221;content-moving&#8221; wn_parallax_speed=&#8221;190&#8243; wn_class=&#8221;wn-section-5b1fa9404c048&#8243; css=&#8221;.vc_custom_1528801621039{background-image: url(http:\/\/airamformacion.es\/wp-content\/uploads\/2018\/06\/dp-blx02.jpg?id=115) !important;}&#8221;][vc_row][vc_column][vc_row_inner layer_animation=&#8221;wn-layer-anim-bottom&#8221;][vc_column_inner width=&#8221;1\/3&#8243;][\/vc_column_inner][vc_column_inner width=&#8221;1\/3&#8243;][\/vc_column_inner][vc_column_inner width=&#8221;1\/3&#8243;][\/vc_column_inner][\/vc_row_inner][\/vc_column][\/vc_row][\/vc_section][vc_section full_height=&#8221;yes&#8221; bg_cover=&#8221;&#8221; wn_class=&#8221;wn-section-5aa7887f05bea&#8221;][vc_row wn_class=&#8221;wn-row-5ac9e3028523e&#8221;][vc_column wn_class=&#8221;wn-column-5ac9e30285024&#8243;][\/vc_column][\/vc_row][vc_row wn_class=&#8221;wn-row-5ac9e3028523e&#8221;][vc_column css_animation=&#8221;bottom-to-top&#8221; width=&#8221;5\/12&#8243; wn_class=&#8221;wn-column-5aa77f240ff3d&#8221; el_class=&#8221;dp-s-iphone-x-sec&#8221; css=&#8221;.vc_custom_1520928838753{background-position: center !important;background-repeat: no-repeat !important;background-size: contain !important;}&#8221;][vc_single_image image=&#8221;180&#8243; img_size=&#8221;full&#8221; alignment=&#8221;center&#8221; css_animation=&#8221;bottom-to-top&#8221; enable_animation_pro=&#8221;&#8221;][\/vc_column][vc_column width=&#8221;4\/12&#8243; wn_class=&#8221;wn-column-5aa7809c6f321&#8243; el_class=&#8221;dp-s-h-circle&#8221;][vc_column_text css_animation=&#8221;none&#8221; enable_animation_pro=&#8221;&#8221; css=&#8221;.vc_custom_1528805296694{margin-bottom: 33px !important;padding-right: 6% !important;}&#8221;] El uso de las normas ISO puede ofrecer herramientas empresariales y de marketing potentes a organizaciones de cualquier tama\u00f1o. Puede utilizarlas para ajustar de forma precisa su desempe\u00f1o y para gestionar los riesgos al tiempo que se trabaja de un modo m\u00e1s eficaz y con modos m\u00e1s sostenibles. Le permitir\u00e1n demostrar la calidad de lo que hace a sus clientes y le ayudar\u00e1n a ver el modo de integrar las mejores pr\u00e1cticas en su organizaci\u00f3n. [\/vc_column_text][\/vc_column][\/vc_row][vc_row row_type=&#8221;1&#8243;][vc_column width=&#8221;1\/3&#8243; css=&#8221;.vc_custom_1485091146015{padding-bottom: 5px !important;}&#8221;][\/vc_column][vc_column width=&#8221;1\/3&#8243;][\/vc_column][vc_column&#8230; <\/p>\n<p><a class=\"readmore\" href=\"https:\/\/airamformacion.es\/index.php\/certificados-iso\/\">Continue Reading<\/a><\/p>\n","protected":false},"author":1,"featured_media":0,"parent":0,"menu_order":0,"comment_status":"closed","ping_status":"closed","template":"","meta":{"_uag_custom_page_level_css":"","footnotes":""},"uagb_featured_image_src":{"full":false,"thumbnail":false,"medium":false,"medium_large":false,"large":false,"1536x1536":false,"2048x2048":false,"rt_media_thumbnail":false,"rt_media_activity_image":false,"rt_media_single_image":false,"rt_media_featured_image":false},"uagb_author_info":{"display_name":"admin5767","author_link":"https:\/\/airamformacion.es\/index.php\/author\/admin5767\/"},"uagb_comment_info":0,"uagb_excerpt":"[vc_section full_width=&#8221;yes&#8221; content_placement=&#8221;middle&#8221; bg_position=&#8221;left top&#8221; bg_cover=&#8221;&#8221;][vc_row content_placement=&#8221;middle&#8221; equal_height=&#8221;yes&#8221; css_animation=&#8221;bounceInLeft&#8221; wn_class=&#8221;wn-row-5b1f97a6bb130&#8243; css=&#8221;.vc_custom_1528797102911{padding-right: 0px !important;padding-left: 0px !important;}&#8221;][vc_column width=&#8221;7\/12&#8243; css=&#8221;.vc_custom_1510562473956{padding-right: 8% !important;padding-left: 16% !important;}&#8221;][vc_column_text css_animation=&#8221;zoomInRight&#8221; enable_animation_pro=&#8221;&#8221;] Las normas ISO son documentos que especifican requerimientos que pueden ser empleados en organizaciones para garantizar que los productos y\/o servicios ofrecidos por dichas organizaciones cumplen con su objetivo. El objetivo perseguido&hellip;","_links":{"self":[{"href":"https:\/\/airamformacion.es\/index.php\/wp-json\/wp\/v2\/pages\/134"}],"collection":[{"href":"https:\/\/airamformacion.es\/index.php\/wp-json\/wp\/v2\/pages"}],"about":[{"href":"https:\/\/airamformacion.es\/index.php\/wp-json\/wp\/v2\/types\/page"}],"author":[{"embeddable":true,"href":"https:\/\/airamformacion.es\/index.php\/wp-json\/wp\/v2\/users\/1"}],"replies":[{"embeddable":true,"href":"https:\/\/airamformacion.es\/index.php\/wp-json\/wp\/v2\/comments?post=134"}],"version-history":[{"count":12,"href":"https:\/\/airamformacion.es\/index.php\/wp-json\/wp\/v2\/pages\/134\/revisions"}],"predecessor-version":[{"id":230,"href":"https:\/\/airamformacion.es\/index.php\/wp-json\/wp\/v2\/pages\/134\/revisions\/230"}],"wp:attachment":[{"href":"https:\/\/airamformacion.es\/index.php\/wp-json\/wp\/v2\/media?parent=134"}],"curies":[{"name":"wp","href":"https:\/\/api.w.org\/{rel}","templated":true}]}}