{"id":136,"date":"2018-06-08T13:12:40","date_gmt":"2018-06-08T12:12:40","guid":{"rendered":"http:\/\/airamformacion.es\/?page_id=136"},"modified":"2018-06-15T13:13:13","modified_gmt":"2018-06-15T12:13:13","slug":"control-de-alergenos","status":"publish","type":"page","link":"https:\/\/airamformacion.es\/index.php\/control-de-alergenos\/","title":{"rendered":"Control de Al\u00e9rgenos"},"content":{"rendered":"[vc_section full_width=&#8221;yes&#8221; white_text_color=&#8221;yes&#8221; wn_class=&#8221;wn-section-5aa66eee5ae0a&#8221; wn_section_height=&#8221;520px&#8221; css=&#8221;.vc_custom_1529057897019{background-image: url(http:\/\/airamformacion.es\/wp-content\/uploads\/2018\/06\/OG9KR40.png?id=227) !important;}&#8221;][vc_row row_dark=&#8221;yes&#8221; css_animation=&#8221;right-to-left&#8221; wn_class=&#8221;wn-row-5aa67958aa77a&#8221;][vc_column width=&#8221;2\/3&#8243; wn_class=&#8221;wn-column-5ac9e30285024&#8243;]<div class=\"wn-distance-100 wn-distance-mob-50\"><\/div>\n\t\t<div class=\"wn-deep-title-wrap wn-layer-anim-left  \"    \" data-id=\"1\">\n\t\t\t<div class=\"wn-deep-title\">\n\t\t\t\t<span class=\"wn-deep-title-shape after shape-coutn-0\"><\/span><h1 class=\"  wn-deep-innertitle\">\u00bfNecesita CONOCER la NORMATIVA DE HIGIENE Y<br \/>\nSEGURIDAD ALIMENTARIA que aplica a su actividad?<\/h1>\n\t\t\t<\/div>\n\t\t<\/div>\n\t\t<div class=\"wn-deep-title-wrap   \"    \" data-id=\"2\">\n\t\t\t<div class=\"wn-deep-title\">\n\t\t\t\t<span class=\"wn-deep-title-shape after shape-coutn-0\"><\/span><h3 class=\"  wn-deep-innertitle\">SOMOS EXPERTOS EN<br \/>\nSEGURIDAD ALIMENTARIA<\/h3>\n\t\t\t<\/div>\n\t\t<\/div><div class=\"wn-distance-30 wn-distance-mob-10\"><\/div>[vc_column_text css_animation=&#8221;none&#8221; enable_animation_pro=&#8221;&#8221; css=&#8221;.vc_custom_1529064003576{margin-bottom: 33px !important;padding-right: 18% !important;padding-left: 60px !important;}&#8221;]\n<ul>\n<li>Servicio\u00a0<strong>personalizado.<\/strong><\/li>\n<li><strong>Actualizaci\u00f3n<\/strong>\u00a0permanente.<\/li>\n<li><strong>Expertos<\/strong>\u00a0en la implantaci\u00f3n y mantenimiento del sistema.<\/li>\n<\/ul>\n[\/vc_column_text][\/vc_column][vc_column css_animation=&#8221;left-to-right&#8221; width=&#8221;1\/3&#8243; wn_class=&#8221;wn-column-5aa67927b4316&#8243; el_class=&#8221;dp-s-h-circle&#8221;][\/vc_column][\/vc_row][\/vc_section][vc_row][vc_column]<div class=\"wn-distance-50 wn-distance-mob-50\"><\/div>\n\t\t<div class=\"wn-deep-title-wrap   \"    \" data-id=\"3\">\n\t\t\t<div class=\"wn-deep-title\">\n\t\t\t\t<span class=\"wn-deep-title-shape after shape-coutn-0\"><\/span><h5 class=\"  wn-deep-innertitle\">ADAPTA O IMPLANTA AL\u00c9RGENOS<br \/>\nEN TU EMPRESA<\/h5>\n\t\t\t<\/div>\n\t\t<\/div>[\/vc_column][\/vc_row][vc_section full_width=&#8221;yes&#8221; wn_class=&#8221;wn-section-5aa7c4c5426b2&#8243;][vc_row][vc_column width=&#8221;1\/6&#8243;][\/vc_column][vc_column width=&#8221;2\/3&#8243;][vc_column_text]\n<h3 style=\"text-align: center;\">Nuestros t\u00e9cnicos especializados en la implantaci\u00f3n de normativas analizar\u00e1n su empresa para poder as\u00ed, adaptarla a la normativa de al\u00e9rgenos y hacerle cumplir con sus obligaciones.<\/h3>\n[\/vc_column_text]<div class=\"wn-distance-30 wn-distance-mob-10\"><\/div>[vc_single_image image=&#8221;228&#8243; img_size=&#8221;large&#8221; alignment=&#8221;center&#8221;][\/vc_column][vc_column width=&#8221;1\/6&#8243;][\/vc_column][\/vc_row][\/vc_section][vc_row equal_height=&#8221;yes&#8221; wn_bg_image=&#8221;54&#8243; bg_position=&#8221;right top&#8221; bg_cover=&#8221;&#8221; wn_class=&#8221;wn-row-5aa7869f24dc8&#8243; el_class=&#8221;mechanic-checklist&#8221; wn_bg_color=&#8221;#ffffff&#8221;][vc_column width=&#8221;1\/6&#8243; wn_class=&#8221;wn-column-5aa7855e7e7b5&#8243; css=&#8221;.vc_custom_1520944899570{margin-top: 0px !important;padding-left: 15% !important;}&#8221;][\/vc_column][vc_column width=&#8221;2\/3&#8243; wn_class=&#8221;wn-column-5aca04142c170&#8243;]<div class=\"wn-distance-80 wn-distance-mob-50\"><\/div>\n\t\t<div class=\"wn-deep-title-wrap wn-layer-anim-left  \"    \" data-id=\"4\">\n\t\t\t<div class=\"wn-deep-title\">\n\t\t\t\t<span class=\"wn-deep-title-shape after shape-coutn-0\"><\/span><h1 class=\"  wn-deep-innertitle\">RAZONES PARA IMPLANTAR LA ADAPTACI\u00d3N DE AL\u00c9RGENOS EN SU EMPRESA<\/h1>\n\t\t\t<\/div>\n\t\t<\/div><div class=\"wn-distance-60 wn-distance-mob-10\"><\/div>[vc_column_text css_animation=&#8221;flipInY&#8221;]\n<h4 style=\"text-align: center;\">En materia de seguridad alimentaria hay que cumplir una normativa espec\u00edfica en funci\u00f3n del sector al que te dediques: Hosteler\u00eda, Comercio de alimentaci\u00f3n, Turismo, etc.<\/h4>\n<hr \/>\n<h4 style=\"text-align: center;\">La consecuencia de no cumplir con las obligaciones legales es peligrosa puesto que estar\u00e1s incumpliendo la normativa espa\u00f1ola de seguridad alimentaria, y puede conllevar una sanci\u00f3n econ\u00f3mica, administrativa, sanitaria o penal, adem\u00e1s de la p\u00e9rdida de imagen que sufre el establecimiento.<\/h4>\n[\/vc_column_text]<div class=\"wn-distance-30 wn-distance-mob-10\"><\/div>[vc_row_inner layer_animation=&#8221;wn-layer-anim-zoom-in&#8221;][vc_column_inner width=&#8221;1\/3&#8243;]<ul class=\"cross \"    data-id=\"1\"><li class=\"cross\"><span class=\"num colorb\"><\/span> SANCIONES LEVES<\/p>\n<p>Entre 300\u20ac y 3.000\u20ac<\/li><\/ul><div class=\"wn-distance-10 wn-distance-mob-20\"><\/div>[\/vc_column_inner][vc_column_inner width=&#8221;1\/3&#8243;]<ul class=\"cross \"    data-id=\"2\"><li class=\"cross\"><span class=\"num colorb\"><\/span> SANCIONES GRAVES<\/p>\n<p>Entre 3.001\u20ac y 60.000\u20ac<\/li><\/ul><div class=\"wn-distance-10 wn-distance-mob-20\"><\/div>[\/vc_column_inner][vc_column_inner width=&#8221;1\/3&#8243;]<ul class=\"cross \"    data-id=\"3\"><li class=\"cross\"><span class=\"num colorb\"><\/span> SANCIONES MUY GRAVES<\/p>\n<p>Entre 60.001\u20ac y 600.000\u20ac<\/li><\/ul><div class=\"wn-distance-10 wn-distance-mob-20\"><\/div>[\/vc_column_inner][\/vc_row_inner][\/vc_column][vc_column width=&#8221;1\/6&#8243;][\/vc_column][\/vc_row]\n","protected":false},"excerpt":{"rendered":"<p>[vc_section full_width=&#8221;yes&#8221; white_text_color=&#8221;yes&#8221; wn_class=&#8221;wn-section-5aa66eee5ae0a&#8221; wn_section_height=&#8221;520px&#8221; css=&#8221;.vc_custom_1529057897019{background-image: url(http:\/\/airamformacion.es\/wp-content\/uploads\/2018\/06\/OG9KR40.png?id=227) !important;}&#8221;][vc_row row_dark=&#8221;yes&#8221; css_animation=&#8221;right-to-left&#8221; wn_class=&#8221;wn-row-5aa67958aa77a&#8221;][vc_column width=&#8221;2\/3&#8243; wn_class=&#8221;wn-column-5ac9e30285024&#8243;][vc_column_text css_animation=&#8221;none&#8221; enable_animation_pro=&#8221;&#8221; css=&#8221;.vc_custom_1529064003576{margin-bottom: 33px !important;padding-right: 18% !important;padding-left: 60px !important;}&#8221;] Servicio\u00a0personalizado. Actualizaci\u00f3n\u00a0permanente. Expertos\u00a0en la implantaci\u00f3n y mantenimiento del sistema. [\/vc_column_text][\/vc_column][vc_column css_animation=&#8221;left-to-right&#8221; width=&#8221;1\/3&#8243; wn_class=&#8221;wn-column-5aa67927b4316&#8243; el_class=&#8221;dp-s-h-circle&#8221;][\/vc_column][\/vc_row][\/vc_section][vc_row][vc_column][\/vc_column][\/vc_row][vc_section full_width=&#8221;yes&#8221; wn_class=&#8221;wn-section-5aa7c4c5426b2&#8243;][vc_row][vc_column width=&#8221;1\/6&#8243;][\/vc_column][vc_column width=&#8221;2\/3&#8243;][vc_column_text] Nuestros t\u00e9cnicos especializados en la implantaci\u00f3n de normativas analizar\u00e1n su empresa para poder as\u00ed, adaptarla a la normativa de al\u00e9rgenos y hacerle cumplir con sus obligaciones. [\/vc_column_text][vc_single_image image=&#8221;228&#8243; img_size=&#8221;large&#8221; alignment=&#8221;center&#8221;][\/vc_column][vc_column width=&#8221;1\/6&#8243;][\/vc_column][\/vc_row][\/vc_section][vc_row equal_height=&#8221;yes&#8221; wn_bg_image=&#8221;54&#8243; bg_position=&#8221;right top&#8221; bg_cover=&#8221;&#8221; wn_class=&#8221;wn-row-5aa7869f24dc8&#8243; el_class=&#8221;mechanic-checklist&#8221; wn_bg_color=&#8221;#ffffff&#8221;][vc_column width=&#8221;1\/6&#8243; wn_class=&#8221;wn-column-5aa7855e7e7b5&#8243; css=&#8221;.vc_custom_1520944899570{margin-top: 0px !important;padding-left: 15% !important;}&#8221;][\/vc_column][vc_column width=&#8221;2\/3&#8243; wn_class=&#8221;wn-column-5aca04142c170&#8243;][vc_column_text css_animation=&#8221;flipInY&#8221;] En materia de seguridad alimentaria hay que cumplir una normativa espec\u00edfica en funci\u00f3n del sector al que te dediques: Hosteler\u00eda, Comercio de alimentaci\u00f3n, Turismo, etc. La consecuencia de no cumplir con las obligaciones legales es peligrosa puesto que estar\u00e1s incumpliendo la normativa espa\u00f1ola de seguridad alimentaria, y puede conllevar una sanci\u00f3n econ\u00f3mica, administrativa, sanitaria o penal, adem\u00e1s de la p\u00e9rdida de imagen que sufre el establecimiento. [\/vc_column_text][vc_row_inner layer_animation=&#8221;wn-layer-anim-zoom-in&#8221;][vc_column_inner width=&#8221;1\/3&#8243;][\/vc_column_inner][vc_column_inner width=&#8221;1\/3&#8243;][\/vc_column_inner][vc_column_inner width=&#8221;1\/3&#8243;][\/vc_column_inner][\/vc_row_inner][\/vc_column][vc_column width=&#8221;1\/6&#8243;][\/vc_column][\/vc_row]<\/p>\n","protected":false},"author":1,"featured_media":0,"parent":0,"menu_order":0,"comment_status":"closed","ping_status":"closed","template":"","meta":{"_uag_custom_page_level_css":"","footnotes":""},"uagb_featured_image_src":{"full":false,"thumbnail":false,"medium":false,"medium_large":false,"large":false,"1536x1536":false,"2048x2048":false,"rt_media_thumbnail":false,"rt_media_activity_image":false,"rt_media_single_image":false,"rt_media_featured_image":false},"uagb_author_info":{"display_name":"admin5767","author_link":"https:\/\/airamformacion.es\/index.php\/author\/admin5767\/"},"uagb_comment_info":0,"uagb_excerpt":"[vc_section full_width=&#8221;yes&#8221; white_text_color=&#8221;yes&#8221; wn_class=&#8221;wn-section-5aa66eee5ae0a&#8221; wn_section_height=&#8221;520px&#8221; css=&#8221;.vc_custom_1529057897019{background-image: url(http:\/\/airamformacion.es\/wp-content\/uploads\/2018\/06\/OG9KR40.png?id=227) !important;}&#8221;][vc_row row_dark=&#8221;yes&#8221; css_animation=&#8221;right-to-left&#8221; wn_class=&#8221;wn-row-5aa67958aa77a&#8221;][vc_column width=&#8221;2\/3&#8243; wn_class=&#8221;wn-column-5ac9e30285024&#8243;][vc_column_text css_animation=&#8221;none&#8221; enable_animation_pro=&#8221;&#8221; css=&#8221;.vc_custom_1529064003576{margin-bottom: 33px !important;padding-right: 18% !important;padding-left: 60px !important;}&#8221;] Servicio\u00a0personalizado. Actualizaci\u00f3n\u00a0permanente. Expertos\u00a0en la implantaci\u00f3n y mantenimiento del sistema. [\/vc_column_text][\/vc_column][vc_column css_animation=&#8221;left-to-right&#8221; width=&#8221;1\/3&#8243; wn_class=&#8221;wn-column-5aa67927b4316&#8243; el_class=&#8221;dp-s-h-circle&#8221;][\/vc_column][\/vc_row][\/vc_section][vc_row][vc_column][\/vc_column][\/vc_row][vc_section full_width=&#8221;yes&#8221; wn_class=&#8221;wn-section-5aa7c4c5426b2&#8243;][vc_row][vc_column width=&#8221;1\/6&#8243;][\/vc_column][vc_column width=&#8221;2\/3&#8243;][vc_column_text] Nuestros t\u00e9cnicos especializados en la implantaci\u00f3n de normativas analizar\u00e1n su empresa para poder as\u00ed, adaptarla&hellip;","_links":{"self":[{"href":"https:\/\/airamformacion.es\/index.php\/wp-json\/wp\/v2\/pages\/136"}],"collection":[{"href":"https:\/\/airamformacion.es\/index.php\/wp-json\/wp\/v2\/pages"}],"about":[{"href":"https:\/\/airamformacion.es\/index.php\/wp-json\/wp\/v2\/types\/page"}],"author":[{"embeddable":true,"href":"https:\/\/airamformacion.es\/index.php\/wp-json\/wp\/v2\/users\/1"}],"replies":[{"embeddable":true,"href":"https:\/\/airamformacion.es\/index.php\/wp-json\/wp\/v2\/comments?post=136"}],"version-history":[{"count":5,"href":"https:\/\/airamformacion.es\/index.php\/wp-json\/wp\/v2\/pages\/136\/revisions"}],"predecessor-version":[{"id":231,"href":"https:\/\/airamformacion.es\/index.php\/wp-json\/wp\/v2\/pages\/136\/revisions\/231"}],"wp:attachment":[{"href":"https:\/\/airamformacion.es\/index.php\/wp-json\/wp\/v2\/media?parent=136"}],"curies":[{"name":"wp","href":"https:\/\/api.w.org\/{rel}","templated":true}]}}