{"id":51,"date":"2018-06-06T15:11:15","date_gmt":"2018-06-06T15:11:15","guid":{"rendered":"http:\/\/airamformacion.es\/?page_id=51"},"modified":"2018-06-08T10:07:41","modified_gmt":"2018-06-08T09:07:41","slug":"sobre-nosotros","status":"publish","type":"page","link":"https:\/\/airamformacion.es\/index.php\/sobre-nosotros\/","title":{"rendered":"Sobre nosotros"},"content":{"rendered":"[vc_section full_width=&#8221;yes&#8221; content_placement=&#8221;middle&#8221; bg_position=&#8221;left top&#8221; bg_cover=&#8221;&#8221; css=&#8221;.vc_custom_1510567302385{background-color: #1d1d1b !important;}&#8221;][vc_row content_placement=&#8221;middle&#8221; row_dark=&#8221;yes&#8221; equal_height=&#8221;yes&#8221; wn_class=&#8221;wn-row-5b1951aa8ff7a&#8221; css=&#8221;.vc_custom_1528385978975{padding-right: 0px !important;padding-left: 0px !important;}&#8221; wn_bg_color=&#8221;#000000&#8243;][vc_column width=&#8221;1\/2&#8243; css=&#8221;.vc_custom_1510562144848{padding-right: 20% !important;padding-left: 16% !important;}&#8221;]<div class=\"wn-distance-30 wn-distance-mob-80\"><\/div>\n\t\t<div class=\"wn-deep-title-wrap wn-layer-anim-bottom  \"    \" data-id=\"1\">\n\t\t\t<div class=\"wn-deep-title\">\n\t\t\t\t<span class=\"wn-deep-title-shape after shape-coutn-0\"><\/span><h2 class=\"  wn-deep-innertitle\">AIRAM FORMACI\u00d3N<\/h2><h1 class=\"  wn-deep-subtitle\">\u00a1CON\u00d3CENOS!<\/h1>\n\t\t\t<\/div>\n\t\t<\/div>[vc_column_text css_animation=&#8221;zoomInDown&#8221; enable_animation_pro=&#8221;&#8221;]\n<div class=\"et_pb_text et_pb_module et_pb_bg_layout_light et_pb_text_align_justified et_pb_text_1\">\n<div class=\"et_pb_text_inner\">\n<p style=\"text-align: justify;\"><strong>Airam Formaci\u00f3n<\/strong> es una\u00a0<strong>consultora especializada<\/strong>\u00a0en asesorar a empresas y aut\u00f3nomos a nivel nacional.<\/p>\n<p style=\"text-align: justify;\">La principal baza y fuerza de <strong>Airam Formaci\u00f3n<\/strong> ha sido la capacidad de los profesionales que lo componen para compartir sus distintas habilidades para sus respectivos clientes.<\/p>\n<\/div>\n<\/div>\n<div class=\"et_pb_text et_pb_module et_pb_bg_layout_light et_pb_text_align_justified et_pb_text_2\">\n<div class=\"et_pb_text_inner\">\n<p style=\"text-align: justify;\">Para <strong>Airam Formaci\u00f3n<\/strong> el desarrollo humano y la realizaci\u00f3n personal de nuestra gente son la base del\u00a0<strong>liderazgo en la atenci\u00f3n, servicio y calidad integral<\/strong>\u00a0de todo lo que somos y hacemos.<\/p>\n<p style=\"text-align: justify;\">Los\u00a0<strong>principales valores y principios<\/strong>\u00a0en los que se basa nuestra empresa son:<\/p>\n<p style=\"text-align: justify;\">\u2022 Transparencia<br \/>\n\u2022 Respeto<br \/>\n\u2022 Servicios al cliente<br \/>\n\u2022 Compromiso y lealtad<\/p>\n<p style=\"text-align: justify;\">Contamos con un equipo de\u00a0<strong>m\u00e1s de 50 profesionales<\/strong>\u00a0con una actitud din\u00e1mica y flexible. El equipo de trabajo est\u00e1 compuesto por\u00a0<strong>t\u00e9cnicos especializados<\/strong>, todos ellos profesionales y con experiencia contrastada en el asesoramiento y gesti\u00f3n de todo tipo de entidades.<\/p>\n<\/div>\n<\/div>\n[\/vc_column_text]<div class=\"wn-distance-30 wn-distance-mob-80\"><\/div>[\/vc_column][vc_column width=&#8221;1\/2&#8243; css=&#8221;.vc_custom_1510561319779{padding-right: 0px !important;background-color: #ffffff !important;}&#8221;]<div class=\"wn-distance-100 wn-distance-mob-30\"><\/div><div class=\"wn-distance-30 wn-distance-mob-0\"><\/div>[vc_single_image image=&#8221;107&#8243; img_size=&#8221;full&#8221; css_animation=&#8221;fadeInLeftBig&#8221; enable_animation_pro=&#8221;&#8221; el_class=&#8221;dp-e-s2-p&#8221;]<div class=\"wn-distance-30 wn-distance-mob-0\"><\/div><div class=\"wn-distance-100 wn-distance-mob-30\"><\/div>[\/vc_column][\/vc_row][\/vc_section][vc_section wn_parallax=&#8221;content-moving&#8221; wn_parallax_speed=&#8221;190&#8243; wn_class=&#8221;wn-section-5b1a44be64b0e&#8221; css=&#8221;.vc_custom_1528448243913{background-image: url(http:\/\/airamformacion.es\/wp-content\/uploads\/2018\/06\/dp-blx02.jpg?id=115) !important;}&#8221;][vc_row][vc_column]<div class=\"wn-distance-100 wn-distance-mob-50\"><\/div>\n\t\t<div class=\"wn-deep-title-wrap   \"    \" data-id=\"2\">\n\t\t\t<div class=\"wn-deep-title\">\n\t\t\t\t<span class=\"wn-deep-title-shape after shape-coutn-0\"><\/span><span class=\"wn-deep-title-shape after shape-coutn-1\"><\/span><h2 class=\"  wn-deep-innertitle\">VENTAJAS DE TRABAJAR CON NOSOTROS<\/h2>\n\t\t\t<\/div>\n\t\t<\/div><div class=\"wn-distance-80 wn-distance-mob-40\"><\/div>[vc_row_inner layer_animation=&#8221;wn-layer-anim-bottom&#8221;][vc_column_inner width=&#8221;1\/3&#8243;]<article class=\"wn-icon-box icon-box-id-1 icon-box4 tlp    \"  ><i class=\"wn-icon-1 ti-user  \"><\/i><h4 class=\"title-style\">ASESORES<\/h4><p class=\"content-style\">Gracias a los t\u00e9cnicos asesores que estar\u00e1n a su disposici\u00f3n durante todo el proceso, usted podr\u00e1 consultar las dudas que le puedan surgir durante el desarrollo.<\/p><\/article><div class=\"wn-distance-40 wn-distance-mob-20\"><\/div>[\/vc_column_inner][vc_column_inner width=&#8221;1\/3&#8243;]<article class=\"wn-icon-box icon-box-id-2 icon-box4 tlp    \"  ><i class=\"wn-icon-2 sl-graduation  \"><\/i><h4 class=\"title-style\">CERTIFICADO<\/h4><p class=\"content-style\">Una vez completado el proceso de cumplimentaci\u00f3n requerido para su empresa, usted conseguir\u00e1 el Certificado de Adaptaci\u00f3n v\u00e1lido durante un a\u00f1o as\u00ed como el Sello de Calidad que tienen como fin acreditar la adaptaci\u00f3n de su empresa a las leyes que se ofrecen en las normativas obligatorias.<\/p><\/article><div class=\"wn-distance-40 wn-distance-mob-20\"><\/div>[\/vc_column_inner][vc_column_inner width=&#8221;1\/3&#8243;]<article class=\"wn-icon-box icon-box-id-3 icon-box4 tlp    \"  ><i class=\"wn-icon-3 sl-badge  \"><\/i><h4 class=\"title-style\">CALIDAD<\/h4><p class=\"content-style\">El Sello de Calidad avala el cumplimiento de la ley en el tratamiento que su empresa realiza de los diferentes datos personales.<\/p><\/article><div class=\"wn-distance-40 wn-distance-mob-20\"><\/div>[\/vc_column_inner][\/vc_row_inner]<div class=\"wn-distance-100 wn-distance-mob-40\"><\/div>[\/vc_column][\/vc_row][\/vc_section]\n","protected":false},"excerpt":{"rendered":"<p>[vc_section full_width=&#8221;yes&#8221; content_placement=&#8221;middle&#8221; bg_position=&#8221;left top&#8221; bg_cover=&#8221;&#8221; css=&#8221;.vc_custom_1510567302385{background-color: #1d1d1b !important;}&#8221;][vc_row content_placement=&#8221;middle&#8221; row_dark=&#8221;yes&#8221; equal_height=&#8221;yes&#8221; wn_class=&#8221;wn-row-5b1951aa8ff7a&#8221; css=&#8221;.vc_custom_1528385978975{padding-right: 0px !important;padding-left: 0px !important;}&#8221; wn_bg_color=&#8221;#000000&#8243;][vc_column width=&#8221;1\/2&#8243; css=&#8221;.vc_custom_1510562144848{padding-right: 20% !important;padding-left: 16% !important;}&#8221;][vc_column_text css_animation=&#8221;zoomInDown&#8221; enable_animation_pro=&#8221;&#8221;] Airam Formaci\u00f3n es una\u00a0consultora especializada\u00a0en asesorar a empresas y aut\u00f3nomos a nivel nacional. La principal baza y fuerza de Airam Formaci\u00f3n ha sido la capacidad de los profesionales que lo componen para compartir sus distintas habilidades para sus respectivos clientes. Para Airam Formaci\u00f3n el desarrollo humano y la realizaci\u00f3n personal de nuestra gente son la base del\u00a0liderazgo en la atenci\u00f3n, servicio y calidad integral\u00a0de todo lo que somos y hacemos. Los\u00a0principales valores y principios\u00a0en los que se basa nuestra empresa son: \u2022 Transparencia \u2022 Respeto \u2022 Servicios al cliente \u2022 Compromiso y lealtad Contamos con un equipo de\u00a0m\u00e1s de 50 profesionales\u00a0con una actitud din\u00e1mica y flexible. El equipo de trabajo est\u00e1 compuesto por\u00a0t\u00e9cnicos especializados, todos ellos profesionales y con experiencia contrastada en el asesoramiento y gesti\u00f3n de todo tipo de entidades. [\/vc_column_text][\/vc_column][vc_column width=&#8221;1\/2&#8243; css=&#8221;.vc_custom_1510561319779{padding-right: 0px !important;background-color: #ffffff !important;}&#8221;][vc_single_image image=&#8221;107&#8243; img_size=&#8221;full&#8221; css_animation=&#8221;fadeInLeftBig&#8221; enable_animation_pro=&#8221;&#8221; el_class=&#8221;dp-e-s2-p&#8221;][\/vc_column][\/vc_row][\/vc_section][vc_section wn_parallax=&#8221;content-moving&#8221; wn_parallax_speed=&#8221;190&#8243; wn_class=&#8221;wn-section-5b1a44be64b0e&#8221; css=&#8221;.vc_custom_1528448243913{background-image: url(http:\/\/airamformacion.es\/wp-content\/uploads\/2018\/06\/dp-blx02.jpg?id=115) !important;}&#8221;][vc_row][vc_column][vc_row_inner layer_animation=&#8221;wn-layer-anim-bottom&#8221;][vc_column_inner width=&#8221;1\/3&#8243;][\/vc_column_inner][vc_column_inner width=&#8221;1\/3&#8243;][\/vc_column_inner][vc_column_inner width=&#8221;1\/3&#8243;][\/vc_column_inner][\/vc_row_inner][\/vc_column][\/vc_row][\/vc_section]<\/p>\n","protected":false},"author":1,"featured_media":0,"parent":0,"menu_order":0,"comment_status":"closed","ping_status":"closed","template":"","meta":{"_uag_custom_page_level_css":"","footnotes":""},"uagb_featured_image_src":{"full":false,"thumbnail":false,"medium":false,"medium_large":false,"large":false,"1536x1536":false,"2048x2048":false,"rt_media_thumbnail":false,"rt_media_activity_image":false,"rt_media_single_image":false,"rt_media_featured_image":false},"uagb_author_info":{"display_name":"admin5767","author_link":"https:\/\/airamformacion.es\/index.php\/author\/admin5767\/"},"uagb_comment_info":0,"uagb_excerpt":"[vc_section full_width=&#8221;yes&#8221; content_placement=&#8221;middle&#8221; bg_position=&#8221;left top&#8221; bg_cover=&#8221;&#8221; css=&#8221;.vc_custom_1510567302385{background-color: #1d1d1b !important;}&#8221;][vc_row content_placement=&#8221;middle&#8221; row_dark=&#8221;yes&#8221; equal_height=&#8221;yes&#8221; wn_class=&#8221;wn-row-5b1951aa8ff7a&#8221; css=&#8221;.vc_custom_1528385978975{padding-right: 0px !important;padding-left: 0px !important;}&#8221; wn_bg_color=&#8221;#000000&#8243;][vc_column width=&#8221;1\/2&#8243; css=&#8221;.vc_custom_1510562144848{padding-right: 20% !important;padding-left: 16% !important;}&#8221;][vc_column_text css_animation=&#8221;zoomInDown&#8221; enable_animation_pro=&#8221;&#8221;] Airam Formaci\u00f3n es una\u00a0consultora especializada\u00a0en asesorar a empresas y aut\u00f3nomos a nivel nacional. La principal baza y fuerza de Airam Formaci\u00f3n ha sido la capacidad de los profesionales&hellip;","_links":{"self":[{"href":"https:\/\/airamformacion.es\/index.php\/wp-json\/wp\/v2\/pages\/51"}],"collection":[{"href":"https:\/\/airamformacion.es\/index.php\/wp-json\/wp\/v2\/pages"}],"about":[{"href":"https:\/\/airamformacion.es\/index.php\/wp-json\/wp\/v2\/types\/page"}],"author":[{"embeddable":true,"href":"https:\/\/airamformacion.es\/index.php\/wp-json\/wp\/v2\/users\/1"}],"replies":[{"embeddable":true,"href":"https:\/\/airamformacion.es\/index.php\/wp-json\/wp\/v2\/comments?post=51"}],"version-history":[{"count":11,"href":"https:\/\/airamformacion.es\/index.php\/wp-json\/wp\/v2\/pages\/51\/revisions"}],"predecessor-version":[{"id":116,"href":"https:\/\/airamformacion.es\/index.php\/wp-json\/wp\/v2\/pages\/51\/revisions\/116"}],"wp:attachment":[{"href":"https:\/\/airamformacion.es\/index.php\/wp-json\/wp\/v2\/media?parent=51"}],"curies":[{"name":"wp","href":"https:\/\/api.w.org\/{rel}","templated":true}]}}