{"id":53,"date":"2018-06-06T15:11:56","date_gmt":"2018-06-06T15:11:56","guid":{"rendered":"http:\/\/airamformacion.es\/?page_id=53"},"modified":"2018-06-08T14:07:08","modified_gmt":"2018-06-08T13:07:08","slug":"que-ofrecemos","status":"publish","type":"page","link":"https:\/\/airamformacion.es\/index.php\/que-ofrecemos\/","title":{"rendered":"Que ofrecemos"},"content":{"rendered":"[vc_section bg_position=&#8221;center top&#8221; bg_cover=&#8221;&#8221; wn_parallax=&#8221;content-moving&#8221; wn_parallax_speed=&#8221;108&#8243; css=&#8221;.vc_custom_1507703056564{background-color: #fbfbfb !important;}&#8221;][vc_row equal_height=&#8221;yes&#8221; layer_animation=&#8221;wn-layer-anim-bottom&#8221; css_animation=&#8221;zoomInUp&#8221; wn_class=&#8221;wn-row-5b1a4c2a95f3f&#8221;][vc_column width=&#8221;1\/2&#8243; css=&#8221;.vc_custom_1488693035551{padding-right: 10% !important;padding-left: 10% !important;background-color: #ffffff !important;}&#8221;]<div class=\"wn-distance-60 wn-distance-mob-inherit\"><\/div><div class=\"wn-distance-60 wn-distance-mob-inherit\"><\/div>\n\t\t<div class=\"wn-deep-title-wrap   \"    \" data-id=\"1\">\n\t\t\t<div class=\"wn-deep-title\">\n\t\t\t\t<span class=\"wn-deep-title-shape after shape-coutn-0\"><\/span><span class=\"wn-deep-title-shape after shape-coutn-1\"><\/span><h2 class=\"  wn-deep-innertitle\">NUESTROS SERVICIOS<\/h2>\n\t\t\t<\/div>\n\t\t<\/div><div class=\"wn-distance-10 wn-distance-mob-inherit\"><\/div><article class=\"wn-icon-box icon-box-id-1 icon-box20 tlp    \"  ><i class=\"wn-icon-1 pe-7s-network  \"><\/i><h4 class=\"title-style\">Empresas Colaboradoras<\/h4><p class=\"content-style\">Para poder ofrecer el mejor servicio posible, disponemos de empresas colaboradoras l\u00edderes en su sector.<\/p><\/article><div class=\"wn-distance-10 wn-distance-mob-inherit\"><\/div><article class=\"wn-icon-box icon-box-id-2 icon-box20 tlp    \"  ><i class=\"wn-icon-2 icon-basic-headset  \"><\/i><h4 class=\"title-style\">Equipo de soporte de cinco estrellas<\/h4><p class=\"content-style\">Nuestro equipo de soporte est\u00e1 a su disposici\u00f3n en cualquier momento para poder ofrecerle una respuesta lo m\u00e1s r\u00e1pida posible.<\/p><\/article><div class=\"wn-distance-10 wn-distance-mob-inherit\"><\/div><article class=\"wn-icon-box icon-box-id-3 icon-box20 tlp    \"  ><i class=\"wn-icon-3 icon-basic-todolist-pencil  \"><\/i><h4 class=\"title-style\">Servicio de calidad<\/h4><p class=\"content-style\">Todos nuestros servicios cumplen con los requisitos establecidos que avalan el cumplimiento de la ley.<\/p><\/article><div class=\"wn-distance-80 wn-distance-mob-inherit\"><\/div><div class=\"wn-distance-80 wn-distance-mob-inherit\"><\/div>[\/vc_column][vc_column width=&#8221;1\/2&#8243; wn_class=&#8221;wn-column-5b1a4ba8b5142&#8243; css=&#8221;.vc_custom_1528453257765{background-color: #f7f074 !important;}&#8221;][vc_single_image image=&#8221;124&#8243; img_size=&#8221;700X800&#8243; css_animation=&#8221;bounceInDown&#8221; enable_animation_pro=&#8221;true&#8221; trigger_hook=&#8221;0.86&#8243; duration=&#8221;1100&#8243; vertical_movement=&#8221;130&#8243; horizontal_movement=&#8221;70&#8243; css=&#8221;.vc_custom_1528453326617{padding-right: 50px !important;padding-bottom: 225px !important;}&#8221;][\/vc_column][\/vc_row][vc_row layer_animation=&#8221;wn-layer-anim-bottom&#8221; css_animation=&#8221;bounceInUp&#8221; wn_class=&#8221;wn-row-5b1a609ee6918&#8243;][vc_column]<div class=\"wn-distance-50 wn-distance-mob-10\"><\/div><div class=\"wn-distance-100 wn-distance-mob-40\"><\/div>\n\t\t<div class=\"wn-deep-title-wrap   \"    \" data-id=\"2\">\n\t\t\t<div class=\"wn-deep-title\">\n\t\t\t\t<span class=\"wn-deep-title-shape after shape-coutn-0\"><\/span><span class=\"wn-deep-title-shape after shape-coutn-1\"><\/span><h5 class=\"  wn-deep-innertitle\">NUESTRO SERVICIO<\/h5><h2 class=\"  wn-deep-subtitle\">EN 4 PASOS<\/h2>\n\t\t\t<\/div>\n\t\t<\/div><div class=\"wn-distance-50 wn-distance-mob-30\"><\/div>[\/vc_column][\/vc_row][vc_row css_animation=&#8221;fadeInUpBig&#8221; wn_class=&#8221;wn-row-5b1a60f9101c0&#8243;][vc_column]<div class=\"our-process-wrap \"   >\n\t\t\t\t\t<div class=\"our-process-item \">\n\t\t\t\t\t\t<i class=\"pe-7s-call\"><\/i>\n\t\t\t\t\t\t<h4>CONTACTO<\/h4>\n\t\t\t\t\t\t<p>En la primera llamada escuchamos al cliente para que nos explique cuales son sus necesidades.<\/p>\n\t\t\t\t\t<\/div>\n\t\t\t\t\t<div class=\"our-process-item \">\n\t\t\t\t\t\t<i class=\"icon-basic-magnifier\"><\/i>\n\t\t\t\t\t\t<h4>ESTUDIO Y PRESUPUESTO<\/h4>\n\t\t\t\t\t\t<p>Realizamos un estudio personalizado de las necesidades del cliente y un presupuesto lo m\u00e1s ajustado posible.<\/p>\n\t\t\t\t\t<\/div>\n\t\t\t\t\t<div class=\"our-process-item \">\n\t\t\t\t\t\t<i class=\"icon-basic-settings\"><\/i>\n\t\t\t\t\t\t<h4>IMPLANTACI\u00d3N NORMATIVA<\/h4>\n\t\t\t\t\t\t<p>Una vez tenemos el Ok del cliente nos ponemos manos a la obra para realizar la implantaci\u00f3n a la mayor brevedad posible.<\/p>\n\t\t\t\t\t<\/div>\n\t\t\t\t\t<div class=\"our-process-item \">\n\t\t\t\t\t\t<i class=\"icon-basic-mail-open-text\"><\/i>\n\t\t\t\t\t\t<h4>ENTREGA DOCUMENTACI\u00d3N<\/h4>\n\t\t\t\t\t\t<p>Una vez quede realizada la implantaci\u00f3n y tenemos el OK del cliente, entregamos la documentaci\u00f3n por email. <\/p>\n\t\t\t\t\t<\/div><\/div><div class=\"wn-distance-100 wn-distance-mob-40\"><\/div>[\/vc_column][\/vc_row][\/vc_section][vc_section wn_bg_color=&#8221;#f8f8f8&#8243; css=&#8221;.vc_custom_1488966168173{padding-top: 30px !important;padding-bottom: 20px !important;background-color: #ffffff !important;}&#8221;][vc_row][vc_column]<div class=\"wn-distance-10 wn-distance-mob-inherit\"><\/div><div class=\"wn-distance-50 wn-distance-mob-inherit\"><\/div>\n\t\t<div class=\"wn-deep-title-wrap   \"    \" data-id=\"3\">\n\t\t\t<div class=\"wn-deep-title\">\n\t\t\t\t<span class=\"wn-deep-title-shape after shape-coutn-0\"><\/span><span class=\"wn-deep-title-shape after shape-coutn-1\"><\/span><h2 class=\"  wn-deep-innertitle\">NORMATIVAS<\/h2>\n\t\t\t<\/div>\n\t\t<\/div><div class=\"wn-distance-40 wn-distance-mob-inherit\"><\/div>[vc_row_inner layer_animation=&#8221;wn-layer-anim-bottom&#8221;][vc_column_inner width=&#8221;1\/3&#8243;]<article class=\"wn-icon-box icon-box-id-4 icon-box11 tlp    \"  ><a href=\"http:\/\/airamformacion.es\/index.php\/rgpd\/\" ><i class=\"wn-icon-4 icon-basic-display  \"><\/i><\/a><h4 class=\"title-style\">Reglamento Protecci\u00f3n de Datos <strong>RGPD<\/strong><\/h4><p class=\"content-style\">Mediante una de nuestras empresas especializadas, realizamos servicios de implantaci\u00f3n del nuevo Reglamento de Protecci\u00f3n de Datos.<\/p><div class=\"readmore\"><a class=\"magicmore\" href=\"http:\/\/airamformacion.es\/index.php\/rgpd\/\" >M\u00c1S INFORMACI\u00d3N<\/a><\/div><\/article><div class=\"wn-distance-60 wn-distance-mob-inherit\"><\/div>[\/vc_column_inner][vc_column_inner width=&#8221;1\/3&#8243;]<article class=\"wn-icon-box icon-box-id-5 icon-box11 tlp    \"  ><a href=\"http:\/\/airamformacion.es\/index.php\/certificados-iso\/\" ><i class=\"wn-icon-5 icon-basic-keyboard  \"><\/i><\/a><h4 class=\"title-style\">Certificados <strong>ISO<\/strong><\/h4><p class=\"content-style\">Disponemos de los certificados ISO 9001, ISO 14001 e ISO 27001 que otorgar\u00e1n un elemento diferencial, pudi\u00e9ndose convertir en requisito fundamental.<\/p><div class=\"readmore\"><a class=\"magicmore\" href=\"http:\/\/airamformacion.es\/index.php\/certificados-iso\/\" >M\u00c1S INFORMACI\u00d3N<\/a><\/div><\/article><div class=\"wn-distance-60 wn-distance-mob-inherit\"><\/div>[\/vc_column_inner][vc_column_inner width=&#8221;1\/3&#8243;]<article class=\"wn-icon-box icon-box-id-6 icon-box11 tlp    \"  ><a href=\"http:\/\/airamformacion.es\/index.php\/prl\/\" ><i class=\"wn-icon-6 icon-basic-webpage-img-txt  \"><\/i><\/a><h4 class=\"title-style\">Prevenci\u00f3n de Riesgos Laborales <strong>PRL<\/strong><\/h4><p class=\"content-style\">Gestionamos la seguridad de los trabajadores e incorporamos la Integraci\u00f3n de Riesgos Laborales en el sistema de gesti\u00f3n de las empresas. <\/p><div class=\"readmore\"><a class=\"magicmore\" href=\"http:\/\/airamformacion.es\/index.php\/prl\/\" >M\u00c1S INFORMACI\u00d3N<\/a><\/div><\/article><div class=\"wn-distance-60 wn-distance-mob-inherit\"><\/div>[\/vc_column_inner][\/vc_row_inner][vc_row_inner layer_animation=&#8221;wn-layer-anim-bottom&#8221;][vc_column_inner width=&#8221;1\/3&#8243;]<article class=\"wn-icon-box icon-box-id-7 icon-box11 tlp    \"  ><a href=\"http:\/\/airamformacion.es\/index.php\/compliance\/\" ><i class=\"wn-icon-7 icon-basic-magic-mouse  \"><\/i><\/a><h4 class=\"title-style\">Implantaci\u00f3n <strong>Compliance<\/strong><\/h4><p class=\"content-style\">Implantamos la pol\u00edtica necesaria para que el empresario quede libre de responsabilidad por los delitos cometidos por un tercero en su empresa.<\/p><div class=\"readmore\"><a class=\"magicmore\" href=\"http:\/\/airamformacion.es\/index.php\/compliance\/\" >M\u00c1S INFORMACI\u00d3N<\/a><\/div><\/article><div class=\"wn-distance-60 wn-distance-mob-inherit\"><\/div>[\/vc_column_inner][vc_column_inner width=&#8221;1\/3&#8243;]<article class=\"wn-icon-box icon-box-id-8 icon-box11 tlp    \"  ><a href=\"http:\/\/airamformacion.es\/index.php\/blanqueodecapitales\/\" ><i class=\"wn-icon-8 icon-basic-tablet  \"><\/i><\/a><h4 class=\"title-style\">Prevenci\u00f3n del <strong> Blanqueo de Capitales<\/strong><\/h4><p class=\"content-style\">Te ayudamos a aplicar la Ley 10\/2010, donde se establecer\u00e1n las pol\u00edticas, procedimientos y controles internos destinados a su cumplimiento. <\/p><div class=\"readmore\"><a class=\"magicmore\" href=\"http:\/\/airamformacion.es\/index.php\/blanqueodecapitales\/\" >M\u00c1S INFORMACI\u00d3N<\/a><\/div><\/article><div class=\"wn-distance-60 wn-distance-mob-inherit\"><\/div>[\/vc_column_inner][vc_column_inner width=&#8221;1\/3&#8243;]<article class=\"wn-icon-box icon-box-id-9 icon-box11 tlp    \"  ><a href=\"http:\/\/airamformacion.es\/index.php\/control-de-alergenos\/\" ><i class=\"wn-icon-9 icon-basic-share  \"><\/i><\/a><h4 class=\"title-style\">Control <strong>de al\u00e9rgenos<\/strong><\/h4><p class=\"content-style\">Normativa obligatoria para Industrias Alimenticias, Restauraci\u00f3n colectiva y Sector Minorista tipo fruter\u00edas, panader\u00edas, carnicer\u00edas\u2026..<\/p><div class=\"readmore\"><a class=\"magicmore\" href=\"http:\/\/airamformacion.es\/index.php\/control-de-alergenos\/\" >M\u00c1S INFORMACI\u00d3N<\/a><\/div><\/article><div class=\"wn-distance-60 wn-distance-mob-inherit\"><\/div>[\/vc_column_inner][\/vc_row_inner]<div class=\"wn-distance-100 wn-distance-mob-inherit\"><\/div>[\/vc_column][\/vc_row][\/vc_section]\n","protected":false},"excerpt":{"rendered":"<p>[vc_section bg_position=&#8221;center top&#8221; bg_cover=&#8221;&#8221; wn_parallax=&#8221;content-moving&#8221; wn_parallax_speed=&#8221;108&#8243; css=&#8221;.vc_custom_1507703056564{background-color: #fbfbfb !important;}&#8221;][vc_row equal_height=&#8221;yes&#8221; layer_animation=&#8221;wn-layer-anim-bottom&#8221; css_animation=&#8221;zoomInUp&#8221; wn_class=&#8221;wn-row-5b1a4c2a95f3f&#8221;][vc_column width=&#8221;1\/2&#8243; css=&#8221;.vc_custom_1488693035551{padding-right: 10% !important;padding-left: 10% !important;background-color: #ffffff !important;}&#8221;][\/vc_column][vc_column width=&#8221;1\/2&#8243; wn_class=&#8221;wn-column-5b1a4ba8b5142&#8243; css=&#8221;.vc_custom_1528453257765{background-color: #f7f074 !important;}&#8221;][vc_single_image image=&#8221;124&#8243; img_size=&#8221;700X800&#8243; css_animation=&#8221;bounceInDown&#8221; enable_animation_pro=&#8221;true&#8221; trigger_hook=&#8221;0.86&#8243; duration=&#8221;1100&#8243; vertical_movement=&#8221;130&#8243; horizontal_movement=&#8221;70&#8243; css=&#8221;.vc_custom_1528453326617{padding-right: 50px !important;padding-bottom: 225px !important;}&#8221;][\/vc_column][\/vc_row][vc_row layer_animation=&#8221;wn-layer-anim-bottom&#8221; css_animation=&#8221;bounceInUp&#8221; wn_class=&#8221;wn-row-5b1a609ee6918&#8243;][vc_column][\/vc_column][\/vc_row][vc_row css_animation=&#8221;fadeInUpBig&#8221; wn_class=&#8221;wn-row-5b1a60f9101c0&#8243;][vc_column][\/vc_column][\/vc_row][\/vc_section][vc_section wn_bg_color=&#8221;#f8f8f8&#8243; css=&#8221;.vc_custom_1488966168173{padding-top: 30px !important;padding-bottom: 20px !important;background-color: #ffffff !important;}&#8221;][vc_row][vc_column][vc_row_inner layer_animation=&#8221;wn-layer-anim-bottom&#8221;][vc_column_inner width=&#8221;1\/3&#8243;][\/vc_column_inner][vc_column_inner width=&#8221;1\/3&#8243;][\/vc_column_inner][vc_column_inner width=&#8221;1\/3&#8243;][\/vc_column_inner][\/vc_row_inner][vc_row_inner layer_animation=&#8221;wn-layer-anim-bottom&#8221;][vc_column_inner width=&#8221;1\/3&#8243;][\/vc_column_inner][vc_column_inner width=&#8221;1\/3&#8243;][\/vc_column_inner][vc_column_inner width=&#8221;1\/3&#8243;][\/vc_column_inner][\/vc_row_inner][\/vc_column][\/vc_row][\/vc_section]<\/p>\n","protected":false},"author":1,"featured_media":0,"parent":0,"menu_order":0,"comment_status":"closed","ping_status":"closed","template":"","meta":{"_uag_custom_page_level_css":"","footnotes":""},"uagb_featured_image_src":{"full":false,"thumbnail":false,"medium":false,"medium_large":false,"large":false,"1536x1536":false,"2048x2048":false,"rt_media_thumbnail":false,"rt_media_activity_image":false,"rt_media_single_image":false,"rt_media_featured_image":false},"uagb_author_info":{"display_name":"admin5767","author_link":"https:\/\/airamformacion.es\/index.php\/author\/admin5767\/"},"uagb_comment_info":0,"uagb_excerpt":"[vc_section bg_position=&#8221;center top&#8221; bg_cover=&#8221;&#8221; wn_parallax=&#8221;content-moving&#8221; wn_parallax_speed=&#8221;108&#8243; css=&#8221;.vc_custom_1507703056564{background-color: #fbfbfb !important;}&#8221;][vc_row equal_height=&#8221;yes&#8221; layer_animation=&#8221;wn-layer-anim-bottom&#8221; css_animation=&#8221;zoomInUp&#8221; wn_class=&#8221;wn-row-5b1a4c2a95f3f&#8221;][vc_column width=&#8221;1\/2&#8243; css=&#8221;.vc_custom_1488693035551{padding-right: 10% !important;padding-left: 10% !important;background-color: #ffffff !important;}&#8221;][\/vc_column][vc_column width=&#8221;1\/2&#8243; wn_class=&#8221;wn-column-5b1a4ba8b5142&#8243; css=&#8221;.vc_custom_1528453257765{background-color: #f7f074 !important;}&#8221;][vc_single_image image=&#8221;124&#8243; img_size=&#8221;700X800&#8243; css_animation=&#8221;bounceInDown&#8221; enable_animation_pro=&#8221;true&#8221; trigger_hook=&#8221;0.86&#8243; duration=&#8221;1100&#8243; vertical_movement=&#8221;130&#8243; horizontal_movement=&#8221;70&#8243; css=&#8221;.vc_custom_1528453326617{padding-right: 50px !important;padding-bottom: 225px !important;}&#8221;][\/vc_column][\/vc_row][vc_row layer_animation=&#8221;wn-layer-anim-bottom&#8221; css_animation=&#8221;bounceInUp&#8221; wn_class=&#8221;wn-row-5b1a609ee6918&#8243;][vc_column][\/vc_column][\/vc_row][vc_row css_animation=&#8221;fadeInUpBig&#8221; wn_class=&#8221;wn-row-5b1a60f9101c0&#8243;][vc_column][\/vc_column][\/vc_row][\/vc_section][vc_section wn_bg_color=&#8221;#f8f8f8&#8243; css=&#8221;.vc_custom_1488966168173{padding-top: 30px !important;padding-bottom: 20px !important;background-color: #ffffff !important;}&#8221;][vc_row][vc_column][vc_row_inner layer_animation=&#8221;wn-layer-anim-bottom&#8221;][vc_column_inner width=&#8221;1\/3&#8243;][\/vc_column_inner][vc_column_inner width=&#8221;1\/3&#8243;][\/vc_column_inner][vc_column_inner&hellip;","_links":{"self":[{"href":"https:\/\/airamformacion.es\/index.php\/wp-json\/wp\/v2\/pages\/53"}],"collection":[{"href":"https:\/\/airamformacion.es\/index.php\/wp-json\/wp\/v2\/pages"}],"about":[{"href":"https:\/\/airamformacion.es\/index.php\/wp-json\/wp\/v2\/types\/page"}],"author":[{"embeddable":true,"href":"https:\/\/airamformacion.es\/index.php\/wp-json\/wp\/v2\/users\/1"}],"replies":[{"embeddable":true,"href":"https:\/\/airamformacion.es\/index.php\/wp-json\/wp\/v2\/comments?post=53"}],"version-history":[{"count":7,"href":"https:\/\/airamformacion.es\/index.php\/wp-json\/wp\/v2\/pages\/53\/revisions"}],"predecessor-version":[{"id":141,"href":"https:\/\/airamformacion.es\/index.php\/wp-json\/wp\/v2\/pages\/53\/revisions\/141"}],"wp:attachment":[{"href":"https:\/\/airamformacion.es\/index.php\/wp-json\/wp\/v2\/media?parent=53"}],"curies":[{"name":"wp","href":"https:\/\/api.w.org\/{rel}","templated":true}]}}