{"id":57,"date":"2018-06-06T15:12:49","date_gmt":"2018-06-06T15:12:49","guid":{"rendered":"http:\/\/airamformacion.es\/?page_id=57"},"modified":"2018-06-12T08:54:34","modified_gmt":"2018-06-12T07:54:34","slug":"rgpd","status":"publish","type":"page","link":"https:\/\/airamformacion.es\/index.php\/rgpd\/","title":{"rendered":"RGPD"},"content":{"rendered":"[vc_section white_text_color=&#8221;yes&#8221; bg_position=&#8221;center top&#8221; wn_parallax=&#8221;content-moving&#8221; css_animation=&#8221;bottom-to-top&#8221; wn_class=&#8221;wn-section-5b1e66c19584f&#8221; css=&#8221;.vc_custom_1528719492784{background: #000000 url(http:\/\/airamformacion.es\/wp-content\/uploads\/2018\/06\/slider-lopd-1.png?id=158) !important;}&#8221;][vc_row][vc_column]<div class=\"wn-distance-100 wn-distance-mob-inherit\"><\/div>\n\t\t<div class=\"wn-deep-title-wrap wn-layer-anim-bottom  \"    \" data-id=\"1\">\n\t\t\t<div class=\"wn-deep-title\">\n\t\t\t\t<span class=\"wn-deep-title-shape after shape-coutn-0\"><\/span><h1 class=\"  wn-deep-innertitle\">ADAPTA O IMPLANTA EL RGPD EN TU EMPRESA<\/h1><h4 class=\"  wn-deep-subtitle\">Nuestros t\u00e9cnicos especializados en la implantaci\u00f3n de normativas analizar\u00e1n su empresa para poder as\u00ed, adaptarla al nuevo reglamento de protecci\u00f3n de datos (RGPD \u2013 Reglamento UE 2016\/679) y hacerle cumplir con sus obligaciones:<\/h4>\n\t\t\t<\/div>\n\t\t<\/div><div class=\"wn-distance-60 wn-distance-mob-0\"><\/div>[\/vc_column][\/vc_row][vc_row css_animation=&#8221;zoomInUp&#8221; wn_class=&#8221;wn-row-5b1e6887a927f&#8221; row_type=&#8221;1&#8243;][vc_column width=&#8221;1\/3&#8243; css=&#8221;.vc_custom_1485091146015{padding-bottom: 5px !important;}&#8221;]<article class=\"wn-icon-box icon-box-id-1 icon-box26 tlp    \"  ><div class=\"icon-wrap\"><i class=\"wn-icon-1 ti-folder  \"><\/i><\/div><h4 class=\"title-style\">ALTA DE FICHEROS <\/h4><p class=\"content-style\">ALTA DE FICHEROS EN LA AGENCIA ESPA\u00d1OLA DE PROTECCI\u00d3N DE DATOS (AEPD).<\/p><\/article>[\/vc_column][vc_column width=&#8221;1\/3&#8243;]<article class=\"wn-icon-box icon-box-id-2 icon-box26 tlp    \"  ><div class=\"icon-wrap\"><i class=\"wn-icon-2 ti-pencil-alt  \"><\/i><\/div><h4 class=\"title-style\"> ACTUALIZACI\u00d3N PERMANENTE<\/h4><p class=\"content-style\">ELABORAR Y MANTENER ACTUALIZADO EL DOCUMENTO DE SEGURIDAD.<\/p><\/article>[\/vc_column][vc_column width=&#8221;1\/3&#8243;]<article class=\"wn-icon-box icon-box-id-3 icon-box26 tlp    \"  ><div class=\"icon-wrap\"><i class=\"wn-icon-3 ti-thumb-up  \"><\/i><\/div><h4 class=\"title-style\">DEFENDER INTERESES<\/h4><p class=\"content-style\">OBTENER LA LEGITIMIDAD DE LOS AFECTADOS.<\/p><\/article>[\/vc_column][\/vc_row][vc_row][vc_column]<div class=\"wn-distance-50 wn-distance-mob-inherit\"><\/div>[\/vc_column][\/vc_row][\/vc_section][vc_section full_width=&#8221;yes&#8221; wn_class=&#8221;wn-section-5aa7c4c5426b2&#8243;][vc_row equal_height=&#8221;yes&#8221; wn_bg_image=&#8221;54&#8243; bg_position=&#8221;right top&#8221; bg_cover=&#8221;&#8221; wn_class=&#8221;wn-row-5aa7869f24dc8&#8243; el_class=&#8221;mechanic-checklist&#8221;][vc_column width=&#8221;6\/12&#8243; wn_class=&#8221;wn-column-5aa78d99db6be&#8221; css=&#8221;.vc_custom_1520930214604{margin-top: -65px !important;}&#8221;][vc_single_image image=&#8221;161&#8243; img_size=&#8221;full&#8221; enable_animation_pro=&#8221;&#8221; css=&#8221;.vc_custom_1528726611552{padding-top: 63px !important;}&#8221;]<div class=\"wn-distance-50 wn-distance-mob-40\"><\/div>[\/vc_column][vc_column width=&#8221;5\/12&#8243; wn_class=&#8221;wn-column-5aa7855e7e7b5&#8243; css=&#8221;.vc_custom_1520944899570{margin-top: 0px !important;padding-left: 15% !important;}&#8221;]<div class=\"wn-distance-20 wn-distance-mob-50\"><\/div>\n\t\t<div class=\"wn-deep-title-wrap wn-layer-anim-left  \"    \" data-id=\"2\">\n\t\t\t<div class=\"wn-deep-title\">\n\t\t\t\t<span class=\"wn-deep-title-shape after shape-coutn-0\"><\/span><h1 class=\"  wn-deep-innertitle\">\u00bfQU\u00c9 INCLUYE<br \/>\nNUESTRO SERVICIO?<\/h1>\n\t\t\t<\/div>\n\t\t<\/div><div class=\"wn-distance-60 wn-distance-mob-10\"><\/div>[vc_row_inner layer_animation=&#8221;wn-layer-anim-bottom&#8221;][vc_column_inner]<ul class=\"check \"    data-id=\"1\"><li class=\"check\"><span class=\"num colorb\"><\/span> AN\u00c1LISIS DE FICHEROS <\/li><li class=\"check\"><span class=\"num colorb\"><\/span> AN\u00c1LISIS DE SEGURIDAD <\/li><li class=\"check\"><span class=\"num colorb\"><\/span> GESTI\u00d3N ANTE LA A.E.P.D <\/li><li class=\"check\"><span class=\"num colorb\"><\/span> MODIFICACI\u00d3N Y ACTUALIZACI\u00d3N DE FICHEROS <\/li><li class=\"check\"><span class=\"num colorb\"><\/span> MEDIDAS DE SEGURIDAD <\/li><li class=\"check\"><span class=\"num colorb\"><\/span> DOCUMENTO DE SEGURIDAD <\/li><li class=\"check\"><span class=\"num colorb\"><\/span> DOCUMENTOS JUR\u00cdDICOS <\/li><li class=\"check\"><span class=\"num colorb\"><\/span> MEDIDAS CORRECTORAS<br \/>\n<\/li><\/ul><div class=\"wn-distance-10 wn-distance-mob-20\"><\/div>[\/vc_column_inner][\/vc_row_inner][\/vc_column][vc_column width=&#8221;1\/12&#8243; wn_class=&#8221;wn-column-5aca04142c170&#8243;][\/vc_column][\/vc_row][\/vc_section][vc_section css=&#8221;.vc_custom_1485259848740{background-color: #f7f7f7 !important;}&#8221;][vc_row][vc_column]<div class=\"wn-distance-50 wn-distance-mob-inherit\"><\/div>\n\t\t<div class=\"wn-deep-title-wrap wn-layer-anim-top  \"    \" data-id=\"3\">\n\t\t\t<div class=\"wn-deep-title\">\n\t\t\t\t<span class=\"wn-deep-title-shape after shape-coutn-0\"><\/span><h1 class=\"  wn-deep-innertitle\">ADAPTACI\u00d3N F\u00c1CIL, R\u00c1PIDA Y DE FORMA PROFESIONAL<\/h1>\n\t\t\t<\/div>\n\t\t<\/div><div class=\"wn-distance-50 wn-distance-mob-inherit\"><\/div>[\/vc_column][\/vc_row][vc_row css_animation=&#8221;bounceInUp&#8221; wn_class=&#8221;wn-row-5b1f7b7a28b06&#8243; row_type=&#8221;1&#8243;][vc_column width=&#8221;1\/3&#8243; css=&#8221;.vc_custom_1485091146015{padding-bottom: 5px !important;}&#8221;]<article class=\"wn-icon-box icon-box-id-4 icon-box25 tlp    \"  ><i class=\"wn-icon-4 ti-wallet  \"><\/i><h4 class=\"title-style\">AHORRA DINERO<\/h4><p class=\"content-style\">No te cobramos nada m\u00e1s por n\u00famero de trabajadores o delegaciones. Ahorra con la contrataci\u00f3n evitando las sanciones por incumplimiento del RGPD.<\/p><\/article>[\/vc_column][vc_column width=&#8221;1\/3&#8243;]<article class=\"wn-icon-box icon-box-id-5 icon-box25 tlp    \"  ><i class=\"wn-icon-5 ti-timer  \"><\/i><h4 class=\"title-style\">AHORRA TIEMPO<\/h4><p class=\"content-style\">Contrataci\u00f3n de forma r\u00e1pida y segura.<br \/>\nContrata a trav\u00e9s de la web o llamando por tel\u00e9fono y nosotros nos encargamos del resto.<br \/>\nSi necesitas m\u00e1s informaci\u00f3n contacta con nosotros y resolvemos tus dudas.<\/p><\/article>[\/vc_column][vc_column width=&#8221;1\/3&#8243;]<article class=\"wn-icon-box icon-box-id-6 icon-box25 tlp    \"  ><i class=\"wn-icon-6 ti-medall-alt  \"><\/i><h4 class=\"title-style\">GARANT\u00cdA DE CERTIFICACI\u00d3N<\/h4><p class=\"content-style\">Una vez realizados los trabajos de Consultor\u00eda, con el apoyo necesario de la empresa, en caso de no obtener la certificaci\u00f3n, se reembolsar\u00e1 el 100% de los importes abonados.<br \/>\n<\/p><\/article>[\/vc_column][\/vc_row][\/vc_section][vc_row wn_bg_image=&#8221;21&#8243; bg_position=&#8221;center top&#8221; bg_cover=&#8221;&#8221; css_animation=&#8221;appear&#8221; wn_class=&#8221;wn-row-5b1f7b9adf637&#8243; css=&#8221;.vc_custom_1528789920507{padding-right: 10% !important;padding-left: 10% !important;}&#8221;][vc_column]<div class=\"wn-distance-100 wn-distance-mob-inherit\"><\/div>[vc_row_inner white_text_color=&#8221;yes&#8221;][vc_column_inner]\n\t\t<div class=\"wn-deep-title-wrap   \"    \" data-id=\"4\">\n\t\t\t<div class=\"wn-deep-title\">\n\t\t\t\t<span class=\"wn-deep-title-shape after shape-coutn-0\"><\/span><h2 class=\"  wn-deep-innertitle\">RAZONES PARA IMPLANTAR LA ADAPTACI\u00d3N DEL RGPD EN SU EMPRESA<\/h2><h5 class=\"  wn-deep-subtitle\">Empresas y aut\u00f3nomos tendr\u00e1n que adaptarse a la nueva normativa de la Ley Org\u00e1nica de Protecci\u00f3n de Datos antes de mayo del 2018. La Agencia Espa\u00f1ola de Protecci\u00f3n de datos recibe cada a\u00f1o m\u00e1s de 10.000 denuncias por posibles incumplimientos de la normativa aplicable, y una gran cantidad de entre ellas, se convierten en sanciones para la empresa o aut\u00f3nomo que pueden ir desde los 900\u20ac a los 600.000\u20ac. <\/h5>\n\t\t\t<\/div>\n\t\t<\/div>[\/vc_column_inner][\/vc_row_inner]<div class=\"wn-distance-80 wn-distance-mob-inherit\"><\/div>[vc_row_inner layer_animation=&#8221;wn-layer-anim-bottom&#8221;][vc_column_inner width=&#8221;1\/6&#8243; css=&#8221;.vc_custom_1488630247318{margin-top: -100px !important;padding-right: 0px !important;}&#8221;][\/vc_column_inner][vc_column_inner width=&#8221;2\/3&#8243;]\n\t\t<div class=\"pricing-plan2\">\n\t\t\t\n\t\t \t<div class=\"ppheader\"> <h4>SANCIONES LEVES<\/h4><ul class=\"ppfeatures \"  ><li class=\"feature-item\"><span class=\"feature-icon available-icon\"><\/span>No solicitar la inscripci\u00f3n del fichero en la AEDP.<\/li><li class=\"feature-item\"><span class=\"feature-icon available-icon\"><\/span>Recopilar datos personales sin informar previamente.<\/li><li class=\"feature-item\"><span class=\"feature-icon available-icon\"><\/span>No atender a las solicitudes de rectificaci\u00f3n o cancelaci\u00f3n.<\/li><li class=\"feature-item\"><span class=\"feature-icon available-icon\"><\/span>No atender las consultas por parte de la AGPD.<\/li><\/ul> <\/div>\n\t\t\t<div class=\"ppfooter\"> <a href=\"#\" class=\"readmore\" >ENTRE 900\u20ac Y 60.000\u20ac<\/a> <\/div> \n\t\t<\/div>\n\t\t<div class=\"pricing-plan2\">\n\t\t\t\n\t\t \t<div class=\"ppheader\"> <h4>SANCIONES GRAVES<\/h4><ul class=\"ppfeatures \"  ><li class=\"feature-item\"><span class=\"feature-icon available-icon\"><\/span>No inscribir los ficheros en la AGPD.<\/li><li class=\"feature-item\"><span class=\"feature-icon available-icon\"><\/span>Utilizar los ficheros con distinta finalidad con la se crearon.<\/li><li class=\"feature-item\"><span class=\"feature-icon available-icon\"><\/span>No tener el consentimiento del interesado para recabar sus datos personales.<\/li><li class=\"feature-item\"><span class=\"feature-icon available-icon\"><\/span>No permitir el acceso a los ficheros.<\/li><li class=\"feature-item\"><span class=\"feature-icon available-icon\"><\/span>Mantener datos inexactos o no efectuar las modificaciones solicitadas.<\/li><\/ul> <\/div>\n\t\t\t<div class=\"ppfooter\"> <a href=\"#\" class=\"readmore\" >ENTRE 60.001\u20ac Y 300.000\u20ac<\/a> <\/div> \n\t\t<\/div>\n\t\t<div class=\"pricing-plan2\">\n\t\t\t\n\t\t \t<div class=\"ppheader\"> <h4>SANCIONES MUY GRAVES<\/h4><ul class=\"ppfeatures \"  ><li class=\"feature-item\"><span class=\"feature-icon available-icon\"><\/span>Crear ficheros para almacenar datos que revelen aquellos especialmente protegidos.<\/li><li class=\"feature-item\"><span class=\"feature-icon available-icon\"><\/span>Recogida de datos de manera enga\u00f1osa o fraudulenta.<\/li><li class=\"feature-item\"><span class=\"feature-icon available-icon\"><\/span>Recabar datos especialmente protegidos sin la autorizaci\u00f3n del afectado.<\/li><li class=\"feature-item\"><span class=\"feature-icon available-icon\"><\/span>No atender u obstaculizar de forma sistem\u00e1tica las solicitudes de cancelaci\u00f3n o rectificaci\u00f3n.<\/li><\/ul> <\/div>\n\t\t\t<div class=\"ppfooter\"> <a href=\"#\" class=\"readmore\" >ENTRE 300.001\u20ac Y 600.000\u20ac<\/a> <\/div> \n\t\t<\/div>[\/vc_column_inner][vc_column_inner width=&#8221;1\/6&#8243;][\/vc_column_inner][\/vc_row_inner][vc_row_inner white_text_color=&#8221;yes&#8221; layer_animation=&#8221;wn-layer-anim-zoom-in&#8221;][vc_column_inner]<div class=\"wn-distance-80 wn-distance-mob-inherit\"><\/div>\n\t\t<div class=\"wn-deep-title-wrap   \"    \" data-id=\"5\">\n\t\t\t<div class=\"wn-deep-title\">\n\t\t\t\t<span class=\"wn-deep-title-shape after shape-coutn-0\"><\/span><h2 class=\"  wn-deep-innertitle\">PARA EVITAR ESTE TIPO DE SANCIONES CONTRATA CON NOSOTROS LA IMPLANTACI\u00d3N DEL RGPD.<\/h2><h5 class=\"  wn-deep-subtitle\">EN NORMATIVAS OBLIGATORIAS OFRECEMOS GARANT\u00cdA Y CALIDAD<\/h5>\n\t\t\t<\/div>\n\t\t<\/div>[\/vc_column_inner][\/vc_row_inner][\/vc_column][\/vc_row]\n","protected":false},"excerpt":{"rendered":"<p>[vc_section white_text_color=&#8221;yes&#8221; bg_position=&#8221;center top&#8221; wn_parallax=&#8221;content-moving&#8221; css_animation=&#8221;bottom-to-top&#8221; wn_class=&#8221;wn-section-5b1e66c19584f&#8221; css=&#8221;.vc_custom_1528719492784{background: #000000 url(http:\/\/airamformacion.es\/wp-content\/uploads\/2018\/06\/slider-lopd-1.png?id=158) !important;}&#8221;][vc_row][vc_column][\/vc_column][\/vc_row][vc_row css_animation=&#8221;zoomInUp&#8221; wn_class=&#8221;wn-row-5b1e6887a927f&#8221; row_type=&#8221;1&#8243;][vc_column width=&#8221;1\/3&#8243; css=&#8221;.vc_custom_1485091146015{padding-bottom: 5px !important;}&#8221;][\/vc_column][vc_column width=&#8221;1\/3&#8243;][\/vc_column][vc_column width=&#8221;1\/3&#8243;][\/vc_column][\/vc_row][vc_row][vc_column][\/vc_column][\/vc_row][\/vc_section][vc_section full_width=&#8221;yes&#8221; wn_class=&#8221;wn-section-5aa7c4c5426b2&#8243;][vc_row equal_height=&#8221;yes&#8221; wn_bg_image=&#8221;54&#8243; bg_position=&#8221;right top&#8221; bg_cover=&#8221;&#8221; wn_class=&#8221;wn-row-5aa7869f24dc8&#8243; el_class=&#8221;mechanic-checklist&#8221;][vc_column width=&#8221;6\/12&#8243; wn_class=&#8221;wn-column-5aa78d99db6be&#8221; css=&#8221;.vc_custom_1520930214604{margin-top: -65px !important;}&#8221;][vc_single_image image=&#8221;161&#8243; img_size=&#8221;full&#8221; enable_animation_pro=&#8221;&#8221; css=&#8221;.vc_custom_1528726611552{padding-top: 63px !important;}&#8221;][\/vc_column][vc_column width=&#8221;5\/12&#8243; wn_class=&#8221;wn-column-5aa7855e7e7b5&#8243; css=&#8221;.vc_custom_1520944899570{margin-top: 0px !important;padding-left: 15% !important;}&#8221;][vc_row_inner layer_animation=&#8221;wn-layer-anim-bottom&#8221;][vc_column_inner][\/vc_column_inner][\/vc_row_inner][\/vc_column][vc_column width=&#8221;1\/12&#8243; wn_class=&#8221;wn-column-5aca04142c170&#8243;][\/vc_column][\/vc_row][\/vc_section][vc_section css=&#8221;.vc_custom_1485259848740{background-color: #f7f7f7 !important;}&#8221;][vc_row][vc_column][\/vc_column][\/vc_row][vc_row css_animation=&#8221;bounceInUp&#8221; wn_class=&#8221;wn-row-5b1f7b7a28b06&#8243; row_type=&#8221;1&#8243;][vc_column width=&#8221;1\/3&#8243; css=&#8221;.vc_custom_1485091146015{padding-bottom: 5px !important;}&#8221;][\/vc_column][vc_column width=&#8221;1\/3&#8243;][\/vc_column][vc_column width=&#8221;1\/3&#8243;][\/vc_column][\/vc_row][\/vc_section][vc_row wn_bg_image=&#8221;21&#8243; bg_position=&#8221;center top&#8221; bg_cover=&#8221;&#8221; css_animation=&#8221;appear&#8221; wn_class=&#8221;wn-row-5b1f7b9adf637&#8243; css=&#8221;.vc_custom_1528789920507{padding-right: 10% !important;padding-left: 10% !important;}&#8221;][vc_column][vc_row_inner white_text_color=&#8221;yes&#8221;][vc_column_inner][\/vc_column_inner][\/vc_row_inner][vc_row_inner layer_animation=&#8221;wn-layer-anim-bottom&#8221;][vc_column_inner width=&#8221;1\/6&#8243; css=&#8221;.vc_custom_1488630247318{margin-top: -100px !important;padding-right: 0px !important;}&#8221;][\/vc_column_inner][vc_column_inner width=&#8221;2\/3&#8243;][\/vc_column_inner][vc_column_inner width=&#8221;1\/6&#8243;][\/vc_column_inner][\/vc_row_inner][vc_row_inner white_text_color=&#8221;yes&#8221; layer_animation=&#8221;wn-layer-anim-zoom-in&#8221;][vc_column_inner][\/vc_column_inner][\/vc_row_inner][\/vc_column][\/vc_row]<\/p>\n","protected":false},"author":1,"featured_media":0,"parent":0,"menu_order":0,"comment_status":"closed","ping_status":"closed","template":"","meta":{"_uag_custom_page_level_css":"","footnotes":""},"uagb_featured_image_src":{"full":false,"thumbnail":false,"medium":false,"medium_large":false,"large":false,"1536x1536":false,"2048x2048":false,"rt_media_thumbnail":false,"rt_media_activity_image":false,"rt_media_single_image":false,"rt_media_featured_image":false},"uagb_author_info":{"display_name":"admin5767","author_link":"https:\/\/airamformacion.es\/index.php\/author\/admin5767\/"},"uagb_comment_info":0,"uagb_excerpt":"[vc_section white_text_color=&#8221;yes&#8221; bg_position=&#8221;center top&#8221; wn_parallax=&#8221;content-moving&#8221; css_animation=&#8221;bottom-to-top&#8221; wn_class=&#8221;wn-section-5b1e66c19584f&#8221; css=&#8221;.vc_custom_1528719492784{background: #000000 url(http:\/\/airamformacion.es\/wp-content\/uploads\/2018\/06\/slider-lopd-1.png?id=158) !important;}&#8221;][vc_row][vc_column][\/vc_column][\/vc_row][vc_row css_animation=&#8221;zoomInUp&#8221; wn_class=&#8221;wn-row-5b1e6887a927f&#8221; row_type=&#8221;1&#8243;][vc_column width=&#8221;1\/3&#8243; css=&#8221;.vc_custom_1485091146015{padding-bottom: 5px !important;}&#8221;][\/vc_column][vc_column width=&#8221;1\/3&#8243;][\/vc_column][vc_column width=&#8221;1\/3&#8243;][\/vc_column][\/vc_row][vc_row][vc_column][\/vc_column][\/vc_row][\/vc_section][vc_section full_width=&#8221;yes&#8221; wn_class=&#8221;wn-section-5aa7c4c5426b2&#8243;][vc_row equal_height=&#8221;yes&#8221; wn_bg_image=&#8221;54&#8243; bg_position=&#8221;right top&#8221; bg_cover=&#8221;&#8221; wn_class=&#8221;wn-row-5aa7869f24dc8&#8243; el_class=&#8221;mechanic-checklist&#8221;][vc_column width=&#8221;6\/12&#8243; wn_class=&#8221;wn-column-5aa78d99db6be&#8221; css=&#8221;.vc_custom_1520930214604{margin-top: -65px !important;}&#8221;][vc_single_image image=&#8221;161&#8243; img_size=&#8221;full&#8221; enable_animation_pro=&#8221;&#8221; css=&#8221;.vc_custom_1528726611552{padding-top: 63px !important;}&#8221;][\/vc_column][vc_column width=&#8221;5\/12&#8243; wn_class=&#8221;wn-column-5aa7855e7e7b5&#8243; css=&#8221;.vc_custom_1520944899570{margin-top: 0px !important;padding-left: 15% !important;}&#8221;][vc_row_inner layer_animation=&#8221;wn-layer-anim-bottom&#8221;][vc_column_inner][\/vc_column_inner][\/vc_row_inner][\/vc_column][vc_column width=&#8221;1\/12&#8243; wn_class=&#8221;wn-column-5aca04142c170&#8243;][\/vc_column][\/vc_row][\/vc_section][vc_section css=&#8221;.vc_custom_1485259848740{background-color: #f7f7f7 !important;}&#8221;][vc_row][vc_column][\/vc_column][\/vc_row][vc_row css_animation=&#8221;bounceInUp&#8221; wn_class=&#8221;wn-row-5b1f7b7a28b06&#8243;&hellip;","_links":{"self":[{"href":"https:\/\/airamformacion.es\/index.php\/wp-json\/wp\/v2\/pages\/57"}],"collection":[{"href":"https:\/\/airamformacion.es\/index.php\/wp-json\/wp\/v2\/pages"}],"about":[{"href":"https:\/\/airamformacion.es\/index.php\/wp-json\/wp\/v2\/types\/page"}],"author":[{"embeddable":true,"href":"https:\/\/airamformacion.es\/index.php\/wp-json\/wp\/v2\/users\/1"}],"replies":[{"embeddable":true,"href":"https:\/\/airamformacion.es\/index.php\/wp-json\/wp\/v2\/comments?post=57"}],"version-history":[{"count":15,"href":"https:\/\/airamformacion.es\/index.php\/wp-json\/wp\/v2\/pages\/57\/revisions"}],"predecessor-version":[{"id":170,"href":"https:\/\/airamformacion.es\/index.php\/wp-json\/wp\/v2\/pages\/57\/revisions\/170"}],"wp:attachment":[{"href":"https:\/\/airamformacion.es\/index.php\/wp-json\/wp\/v2\/media?parent=57"}],"curies":[{"name":"wp","href":"https:\/\/api.w.org\/{rel}","templated":true}]}}