{"id":63,"date":"2018-06-06T15:14:33","date_gmt":"2018-06-06T15:14:33","guid":{"rendered":"http:\/\/airamformacion.es\/?page_id=63"},"modified":"2018-06-15T13:57:46","modified_gmt":"2018-06-15T12:57:46","slug":"compliance","status":"publish","type":"page","link":"https:\/\/airamformacion.es\/index.php\/compliance\/","title":{"rendered":"Compliance"},"content":{"rendered":"[vc_section full_width=&#8221;yes&#8221; content_placement=&#8221;middle&#8221; wn_class=&#8221;wn-section-5a5cdfc9cbe6a&#8221; css=&#8221;.vc_custom_1518854095901{background-color: #e4e6ea !important;}&#8221;][vc_row wn_class=&#8221;wn-row-5acb04253f32b&#8221;][vc_column width=&#8221;1\/2&#8243; wn_class=&#8221;wn-column-5a5cf9fb7c92d&#8221;][vc_single_image image=&#8221;203&#8243; img_size=&#8221;full&#8221; css_animation=&#8221;slideInLeft&#8221;][\/vc_column][vc_column width=&#8221;1\/2&#8243; wn_class=&#8221;wn-column-5a87dfea2c9d1&#8243; css=&#8221;.vc_custom_1518854422347{padding-left: 10% !important;background-color: #ffffff !important;}&#8221;]<div class=\"wn-distance-50 wn-distance-mob-inherit\"><\/div>\n\t\t<div class=\"wn-deep-title-wrap wn-layer-anim-right  \"    \" data-id=\"1\">\n\t\t\t<div class=\"wn-deep-title\">\n\t\t\t\t<span class=\"wn-deep-title-shape after shape-coutn-0\"><\/span><h6 class=\"  wn-deep-innertitle\">ADAPTA O IMPLANTA LA CERTIFICACI\u00d3N<\/h6><h1 class=\"  wn-deep-subtitle\"> COMPLIANCE<br \/>\nEN TU EMPRESA<\/h1>\n\t\t\t<\/div>\n\t\t<\/div>[vc_column_text css_animation=&#8221;slideInUp&#8221; el_class=&#8221;insurance-slider-p&#8221; css=&#8221;.vc_custom_1528964100137{padding-right: 50px !important;}&#8221;]\n<div class=\"et_pb_text et_pb_module et_pb_bg_layout_light et_pb_text_align_justified et_pb_text_1\">\n<div class=\"et_pb_text_inner\">\n<p style=\"text-align: justify;\">Nuestros t\u00e9cnicos especializados en la implantaci\u00f3n de normativas analizar\u00e1n su empresa para poder as\u00ed, adaptarla a la normativa del plan de prevenci\u00f3n de delitos penales.<\/p>\n<\/div>\n<\/div>\n<div class=\"et_pb_text et_pb_module et_pb_bg_layout_light et_pb_text_align_justified et_pb_text_2\">\n<div class=\"et_pb_text_inner\">\n<p style=\"text-align: justify;\">Establecemos las pol\u00edticas y procedimientos adecuados y necesarios para garantizar el cumplimiento del marco normativo aplicable a partir de la identificaci\u00f3n de riesgos, resoluci\u00f3n de problemas y asesoramiento a trabajadores para que reciban la informaci\u00f3n entendible y completa.<\/p>\n<\/div>\n<\/div>\n[\/vc_column_text][vc_empty_space height=&#8221;65px&#8221;][\/vc_column][\/vc_row][\/vc_section][vc_section css=&#8221;.vc_custom_1485259848740{background-color: #f7f7f7 !important;}&#8221;][vc_row][vc_column]<div class=\"wn-distance-50 wn-distance-mob-inherit\"><\/div>\n\t\t<div class=\"wn-deep-title-wrap wn-layer-anim-right  \"    \" data-id=\"2\">\n\t\t\t<div class=\"wn-deep-title\">\n\t\t\t\t<span class=\"wn-deep-title-shape after shape-coutn-0\"><\/span><h6 class=\"  wn-deep-innertitle\">\u00bfQU\u00c9 INCLUYE NUESTRO SERVICIO?<\/h6>\n\t\t\t<\/div>\n\t\t<\/div>[\/vc_column][\/vc_row][vc_row css_animation=&#8221;zoomIn&#8221; wn_class=&#8221;wn-row-5b213d82a02e6&#8243; row_type=&#8221;1&#8243;][vc_column width=&#8221;1\/4&#8243; css=&#8221;.vc_custom_1485091146015{padding-bottom: 5px !important;}&#8221;]<article class=\"wn-icon-box icon-box-id-1 icon-box30 tlp    \"  ><i class=\"wn-icon-1 li_star  \"><\/i><h4 class=\"title-style\">PLAN DE PREVENCI\u00d3N DE RIESGOS PENALES<\/h4><\/article>[\/vc_column][vc_column width=&#8221;1\/4&#8243;]<article class=\"wn-icon-box icon-box-id-2 icon-box30 tlp    \"  ><i class=\"wn-icon-2 li_star  \"><\/i><h4 class=\"title-style\">AUDITORIA PERI\u00d3DICA<\/h4><\/article>[\/vc_column][vc_column width=&#8221;1\/4&#8243;]<article class=\"wn-icon-box icon-box-id-3 icon-box30 tlp    \"  ><i class=\"wn-icon-3 li_star  \"><\/i><h4 class=\"title-style\">COMPLIANCE OFFICER (OFICIAL DE CUMPLIMIENTO)<\/h4><\/article>[\/vc_column][vc_column width=&#8221;1\/4&#8243;]<article class=\"wn-icon-box icon-box-id-4 icon-box30 tlp    \"  ><i class=\"wn-icon-4 li_star  \"><\/i><h4 class=\"title-style\">MOTOR DE CUMPLIMIENTO<\/h4><\/article>[\/vc_column][\/vc_row][vc_row][vc_column][\/vc_column][\/vc_row][\/vc_section][vc_section full_width=&#8221;yes&#8221; content_placement=&#8221;middle&#8221; css_animation=&#8221;fadeInDownBig&#8221; wn_class=&#8221;wn-section-5b213ffe44f0c&#8221; css=&#8221;.vc_custom_1528965307399{background-color: #ffffff !important;}&#8221;][vc_row content_placement=&#8221;middle&#8221; equal_height=&#8221;yes&#8221;][vc_column wn_class=&#8221;wn-column-5b213ff276591&#8243; css=&#8221;.vc_custom_1528905827265{border-top-width: 30px !important;border-right-width: 30px !important;border-bottom-width: 30px !important;border-left-width: 30px !important;padding-top: 8% !important;padding-right: 8% !important;padding-bottom: 8% !important;padding-left: 8% !important;background-color: #ffffff !important;background-position: 0 0 !important;background-repeat: no-repeat !important;border-left-color: #ededed !important;border-left-style: solid !important;border-right-color: #ededed !important;border-right-style: solid !important;border-top-color: #ededed !important;border-top-style: solid !important;border-bottom-color: #ededed !important;border-bottom-style: solid !important;}&#8221; offset=&#8221;vc_col-lg-6&#8243;]\n\t\t<div class=\"wn-deep-title-wrap wn-layer-anim-bottom  \"    \" data-id=\"3\">\n\t\t\t<div class=\"wn-deep-title\">\n\t\t\t\t<span class=\"wn-deep-title-shape after shape-coutn-0\"><\/span><span class=\"wn-deep-title-shape after shape-coutn-1\"><\/span><h5 class=\"  wn-deep-innertitle\">\u00bfQUE ES EL<\/h5><h2 class=\"  wn-deep-subtitle\">COMPLIANCE?<\/h2>\n\t\t\t<\/div>\n\t\t<\/div><div class=\"wn-distance-20 wn-distance-mob-inherit\"><\/div>[vc_row_inner layer_animation=&#8221;wn-layer-anim-bottom&#8221;][vc_column_inner]<article class=\"wn-icon-box icon-box-id-5 icon-box tlp    \"  ><i class=\"wn-icon-5 icon-basic-lightbulb  \"><\/i><h4 class=\"title-style\">Compliance <\/h4><p class=\"content-style\">Es un t\u00e9rmino que consiste en establecer las pol\u00edticas y procedimientos adecuados y necesarios para garantizar el cumplimiento del marco normativo aplicable.<\/p>\n<p>Existen cinco conceptos que la explican detalladamente: <\/p><\/article>[\/vc_column_inner][\/vc_row_inner][\/vc_column][vc_column css=&#8221;.vc_custom_1502695210676{padding-top: 0px !important;padding-right: 0px !important;padding-bottom: 0px !important;padding-left: 0px !important;}&#8221; offset=&#8221;vc_col-lg-6&#8243;][vc_single_image image=&#8221;205&#8243; img_size=&#8221;full&#8221; css_animation=&#8221;flipInY&#8221;][\/vc_column][\/vc_row][\/vc_section][vc_section css_animation=&#8221;slideInLeft&#8221; wn_class=&#8221;wn-section-5b222931175e5&#8243; css=&#8221;.vc_custom_1528965437837{background-color: #f7f7f7 !important;}&#8221;][vc_row][vc_column]<div class=\"wn-distance-30 wn-distance-mob-inherit\"><\/div>[\/vc_column][\/vc_row][vc_row row_type=&#8221;1&#8243;][vc_column width=&#8221;1\/3&#8243; css=&#8221;.vc_custom_1485091146015{padding-bottom: 5px !important;}&#8221;]<article class=\"wn-icon-box icon-box-id-6 icon-box7 tlp    \"  ><i class=\"wn-icon-6 icon-basic-gunsight  \"><\/i><h4 class=\"title-style\">IDENTIFICACI\u00d3N DE RIESGOS A LOS QUE SE ENFRENTA LA EMPRESA.<\/h4><\/article>[\/vc_column][vc_column width=&#8221;1\/3&#8243;]<article class=\"wn-icon-box icon-box-id-7 icon-box7 tlp    \"  ><i class=\"wn-icon-7 icon-basic-life-buoy  \"><\/i><h4 class=\"title-style\">PREVENCI\u00d3N DE RIESGOS E IMPLEMENTACI\u00d3N DE PROCEDIMIENTOS DE CONTROL.<\/h4><\/article>[\/vc_column][vc_column width=&#8221;1\/3&#8243;]<article class=\"wn-icon-box icon-box-id-8 icon-box7 tlp    \"  ><i class=\"wn-icon-8 icon-basic-headset  \"><\/i><h4 class=\"title-style\">ASESORAMIENTO A DIRECTIVOS Y TRABAJADORES CON INFORMACI\u00d3N COMPLETA Y ENTENDIBLE.<\/h4><\/article>[\/vc_column][\/vc_row][vc_row row_type=&#8221;1&#8243;][vc_column width=&#8221;1\/6&#8243; css=&#8221;.vc_custom_1485091146015{padding-bottom: 5px !important;}&#8221;][\/vc_column][vc_column width=&#8221;1\/3&#8243;]<article class=\"wn-icon-box icon-box-id-9 icon-box7 tlp    \"  ><i class=\"wn-icon-9 icon-arrows-circle-check  \"><\/i><h4 class=\"title-style\">RESOLUCI\u00d3N DE CUALQUIER PROBLEMA DURANTE EL PROCESO.<\/h4><\/article>[\/vc_column][vc_column width=&#8221;1\/3&#8243;]<article class=\"wn-icon-box icon-box-id-10 icon-box7 tlp    \"  ><i class=\"wn-icon-10 icon-basic-info  \"><\/i><h4 class=\"title-style\">DETECCI\u00d3N DE RIESGOS Y REALIZACI\u00d3N DE AUDITORIAS PERI\u00d3DICAS.<\/h4><\/article>[\/vc_column][vc_column width=&#8221;1\/6&#8243;][\/vc_column][\/vc_row][vc_row][vc_column]<div class=\"wn-distance-40 wn-distance-mob-inherit\"><\/div>[\/vc_column][\/vc_row][\/vc_section][vc_section][vc_row layer_animation=&#8221;wn-layer-anim-bottom&#8221;][vc_column]<div class=\"wn-distance-50 wn-distance-mob-50\"><\/div>\n\t\t<div class=\"wn-deep-title-wrap   \"    \" data-id=\"4\">\n\t\t\t<div class=\"wn-deep-title\">\n\t\t\t\t<span class=\"wn-deep-title-shape after shape-coutn-0\"><\/span><span class=\"wn-deep-title-shape after shape-coutn-1\"><\/span><h5 class=\"  wn-deep-innertitle\">RAZONES PARA IMPLANTAR <\/h5><h2 class=\"  wn-deep-subtitle\">COMPLIANCE EN SU EMPRESA<\/h2>\n\t\t\t<\/div>\n\t\t<\/div>[vc_column_text css_animation=&#8221;slideInUp&#8221; el_class=&#8221;insurance-slider-p&#8221; css=&#8221;.vc_custom_1528966981035{padding-right: 50px !important;}&#8221;]\n<div class=\"et_pb_text et_pb_module et_pb_bg_layout_light et_pb_text_align_justified et_pb_text_1\">\n<div class=\"et_pb_text_inner\">\n<p style=\"text-align: justify;\">En 2015, el Gobierno impuls\u00f3 una reforma para asegurar que las empresas asuman su responsabilidad penal oblig\u00e1ndolas a contar con un Plan de Prevenci\u00f3n de Riesgos Penales.<\/p>\n<p style=\"text-align: justify;\">En base a esta reforma, una persona jur\u00eddica ser\u00e1 penalmente responsable, entre otros: \u201cDe los delitos cometidos por trabajadores, en el ejercicio de actividades sociales y por cuenta y en provecho propio o para la empresa, cuando no se haya ejercido sobre ellos la debida supervisi\u00f3n, vigilancia y control.\u201d<\/p>\n<p style=\"text-align: justify;\">Actualmente ya se han dictado sentencias condenatorias como por ejemplo:<\/p>\n<\/div>\n<\/div>\n[\/vc_column_text]<div class=\"wn-distance-50 wn-distance-mob-40\"><\/div>[content_carousel item_num=&#8221;4&#8243; item_margin=&#8221;2&#8243; content_item=&#8221;3&#8243; margin_item=&#8221;30&#8243;][content_carousel_tab title=&#8221;content 1&#8243; tab_id=&#8221;1502190202729-105c1e-8b81&#8243;]<article class=\"wn-icon-box icon-box-id-11 icon-box28 blp    \"  ><i class=\"wn-icon-11 pe-7s-cash  \"><\/i><h4 class=\"title-style\">MULTAS QUE PUEDEN LLEGAR A 5 VECES EL BENEFICIO OBTENIDO<\/h4><\/article>[\/content_carousel_tab][content_carousel_tab title=&#8221;content 2&#8243; tab_id=&#8221;1502190203084-25c1e-8b81&#8243;]<article class=\"wn-icon-box icon-box-id-12 icon-box28 tlp    \"  ><i class=\"wn-icon-12 pe-7s-users  \"><\/i><h4 class=\"title-style\">DISOLUCI\u00d3N DE LA PERSONA JUR\u00cdDICA Y CIERRE DE LA EMPRESA.<\/h4><\/article>[\/content_carousel_tab][content_carousel_tab title=&#8221;Tab&#8221; tab_id=&#8221;1502190241340-2-15c1e-8b81&#8243;]<article class=\"wn-icon-box icon-box-id-13 icon-box28 trp    \"  ><i class=\"wn-icon-13 pe-7s-close  \"><\/i><h4 class=\"title-style\">SUSPENSI\u00d3N DE ACTIVIDADES HASTA 5 A\u00d1OS.<\/h4><\/article>[\/content_carousel_tab][content_carousel_tab title=&#8221;Tab&#8221; tab_id=&#8221;1502190252123-3-55c1e-8b81&#8243;]<article class=\"wn-icon-box icon-box-id-14 icon-box28 brp    \"  ><i class=\"wn-icon-14 pe-7s-home  \"><\/i><h4 class=\"title-style\">CLAUSURA DE ESTABLECIMIENTOS.<\/h4><\/article>[\/content_carousel_tab][\/content_carousel][\/vc_column][\/vc_row][\/vc_section][vc_row][vc_column]\n\t\t<div class=\"wn-deep-title-wrap   \"    \" data-id=\"5\">\n\t\t\t<div class=\"wn-deep-title\">\n\t\t\t\t<h5 class=\"  wn-deep-innertitle\">PARA EVITAR ESTE TIPO DE SENTENCIAS CONTRATA CON NOSOTROS <\/h5><h2 class=\"  wn-deep-subtitle\">LA IMPLANTACI\u00d3N DE COMPLIANCE<\/h2>\n\t\t\t<\/div>\n\t\t<\/div>[\/vc_column][\/vc_row]\n","protected":false},"excerpt":{"rendered":"<p>[vc_section full_width=&#8221;yes&#8221; content_placement=&#8221;middle&#8221; wn_class=&#8221;wn-section-5a5cdfc9cbe6a&#8221; css=&#8221;.vc_custom_1518854095901{background-color: #e4e6ea !important;}&#8221;][vc_row wn_class=&#8221;wn-row-5acb04253f32b&#8221;][vc_column width=&#8221;1\/2&#8243; wn_class=&#8221;wn-column-5a5cf9fb7c92d&#8221;][vc_single_image image=&#8221;203&#8243; img_size=&#8221;full&#8221; css_animation=&#8221;slideInLeft&#8221;][\/vc_column][vc_column width=&#8221;1\/2&#8243; wn_class=&#8221;wn-column-5a87dfea2c9d1&#8243; css=&#8221;.vc_custom_1518854422347{padding-left: 10% !important;background-color: #ffffff !important;}&#8221;][vc_column_text css_animation=&#8221;slideInUp&#8221; el_class=&#8221;insurance-slider-p&#8221; css=&#8221;.vc_custom_1528964100137{padding-right: 50px !important;}&#8221;] Nuestros t\u00e9cnicos especializados en la implantaci\u00f3n de normativas analizar\u00e1n su empresa para poder as\u00ed, adaptarla a la normativa del plan de prevenci\u00f3n de delitos penales. Establecemos las pol\u00edticas y procedimientos adecuados y necesarios para garantizar el cumplimiento del marco normativo aplicable a partir de la identificaci\u00f3n de riesgos, resoluci\u00f3n de problemas y asesoramiento a trabajadores para que reciban la informaci\u00f3n entendible y completa. [\/vc_column_text][vc_empty_space height=&#8221;65px&#8221;][\/vc_column][\/vc_row][\/vc_section][vc_section css=&#8221;.vc_custom_1485259848740{background-color: #f7f7f7 !important;}&#8221;][vc_row][vc_column][\/vc_column][\/vc_row][vc_row css_animation=&#8221;zoomIn&#8221; wn_class=&#8221;wn-row-5b213d82a02e6&#8243; row_type=&#8221;1&#8243;][vc_column width=&#8221;1\/4&#8243; css=&#8221;.vc_custom_1485091146015{padding-bottom: 5px !important;}&#8221;][\/vc_column][vc_column width=&#8221;1\/4&#8243;][\/vc_column][vc_column width=&#8221;1\/4&#8243;][\/vc_column][vc_column width=&#8221;1\/4&#8243;][\/vc_column][\/vc_row][vc_row][vc_column][\/vc_column][\/vc_row][\/vc_section][vc_section full_width=&#8221;yes&#8221; content_placement=&#8221;middle&#8221; css_animation=&#8221;fadeInDownBig&#8221; wn_class=&#8221;wn-section-5b213ffe44f0c&#8221; css=&#8221;.vc_custom_1528965307399{background-color: #ffffff !important;}&#8221;][vc_row content_placement=&#8221;middle&#8221; equal_height=&#8221;yes&#8221;][vc_column wn_class=&#8221;wn-column-5b213ff276591&#8243; css=&#8221;.vc_custom_1528905827265{border-top-width: 30px !important;border-right-width: 30px !important;border-bottom-width: 30px !important;border-left-width: 30px !important;padding-top: 8% !important;padding-right: 8% !important;padding-bottom: 8% !important;padding-left: 8% !important;background-color: #ffffff !important;background-position: 0 0 !important;background-repeat: no-repeat !important;border-left-color: #ededed !important;border-left-style: solid !important;border-right-color: #ededed !important;border-right-style: solid !important;border-top-color: #ededed !important;border-top-style: solid !important;border-bottom-color: #ededed !important;border-bottom-style: solid !important;}&#8221; offset=&#8221;vc_col-lg-6&#8243;][vc_row_inner layer_animation=&#8221;wn-layer-anim-bottom&#8221;][vc_column_inner][\/vc_column_inner][\/vc_row_inner][\/vc_column][vc_column css=&#8221;.vc_custom_1502695210676{padding-top: 0px !important;padding-right: 0px !important;padding-bottom: 0px !important;padding-left: 0px !important;}&#8221; offset=&#8221;vc_col-lg-6&#8243;][vc_single_image image=&#8221;205&#8243; img_size=&#8221;full&#8221; css_animation=&#8221;flipInY&#8221;][\/vc_column][\/vc_row][\/vc_section][vc_section css_animation=&#8221;slideInLeft&#8221; wn_class=&#8221;wn-section-5b222931175e5&#8243; css=&#8221;.vc_custom_1528965437837{background-color: #f7f7f7 !important;}&#8221;][vc_row][vc_column][\/vc_column][\/vc_row][vc_row row_type=&#8221;1&#8243;][vc_column width=&#8221;1\/3&#8243; css=&#8221;.vc_custom_1485091146015{padding-bottom: 5px !important;}&#8221;][\/vc_column][vc_column width=&#8221;1\/3&#8243;][\/vc_column][vc_column width=&#8221;1\/3&#8243;][\/vc_column][\/vc_row][vc_row row_type=&#8221;1&#8243;][vc_column width=&#8221;1\/6&#8243; css=&#8221;.vc_custom_1485091146015{padding-bottom: 5px !important;}&#8221;][\/vc_column][vc_column width=&#8221;1\/3&#8243;][\/vc_column][vc_column width=&#8221;1\/3&#8243;][\/vc_column][vc_column width=&#8221;1\/6&#8243;][\/vc_column][\/vc_row][vc_row][vc_column][\/vc_column][\/vc_row][\/vc_section][vc_section][vc_row layer_animation=&#8221;wn-layer-anim-bottom&#8221;][vc_column][vc_column_text css_animation=&#8221;slideInUp&#8221; el_class=&#8221;insurance-slider-p&#8221; css=&#8221;.vc_custom_1528966981035{padding-right: 50px !important;}&#8221;] En 2015, el Gobierno impuls\u00f3 una reforma para asegurar que las empresas asuman su responsabilidad penal oblig\u00e1ndolas a contar con un Plan de Prevenci\u00f3n de Riesgos Penales. En base a esta reforma, una persona jur\u00eddica ser\u00e1 penalmente responsable, entre otros: \u201cDe los delitos cometidos por trabajadores, en el ejercicio de actividades sociales y por cuenta y en provecho propio o para la empresa, cuando no se haya ejercido sobre ellos la debida supervisi\u00f3n, vigilancia y control.\u201d Actualmente ya se han dictado sentencias condenatorias como por ejemplo: [\/vc_column_text][content_carousel item_num=&#8221;4&#8243; item_margin=&#8221;2&#8243; content_item=&#8221;3&#8243; margin_item=&#8221;30&#8243;][content_carousel_tab title=&#8221;content 1&#8243; tab_id=&#8221;1502190202729-105c1e-8b81&#8243;][\/content_carousel_tab][content_carousel_tab title=&#8221;content 2&#8243; tab_id=&#8221;1502190203084-25c1e-8b81&#8243;][\/content_carousel_tab][content_carousel_tab title=&#8221;Tab&#8221; tab_id=&#8221;1502190241340-2-15c1e-8b81&#8243;][\/content_carousel_tab][content_carousel_tab title=&#8221;Tab&#8221; tab_id=&#8221;1502190252123-3-55c1e-8b81&#8243;][\/content_carousel_tab][\/content_carousel][\/vc_column][\/vc_row][\/vc_section][vc_row][vc_column][\/vc_column][\/vc_row]<\/p>\n","protected":false},"author":1,"featured_media":0,"parent":0,"menu_order":0,"comment_status":"closed","ping_status":"closed","template":"","meta":{"_uag_custom_page_level_css":"","footnotes":""},"uagb_featured_image_src":{"full":false,"thumbnail":false,"medium":false,"medium_large":false,"large":false,"1536x1536":false,"2048x2048":false,"rt_media_thumbnail":false,"rt_media_activity_image":false,"rt_media_single_image":false,"rt_media_featured_image":false},"uagb_author_info":{"display_name":"admin5767","author_link":"https:\/\/airamformacion.es\/index.php\/author\/admin5767\/"},"uagb_comment_info":0,"uagb_excerpt":"[vc_section full_width=&#8221;yes&#8221; content_placement=&#8221;middle&#8221; wn_class=&#8221;wn-section-5a5cdfc9cbe6a&#8221; css=&#8221;.vc_custom_1518854095901{background-color: #e4e6ea !important;}&#8221;][vc_row wn_class=&#8221;wn-row-5acb04253f32b&#8221;][vc_column width=&#8221;1\/2&#8243; wn_class=&#8221;wn-column-5a5cf9fb7c92d&#8221;][vc_single_image image=&#8221;203&#8243; img_size=&#8221;full&#8221; css_animation=&#8221;slideInLeft&#8221;][\/vc_column][vc_column width=&#8221;1\/2&#8243; wn_class=&#8221;wn-column-5a87dfea2c9d1&#8243; css=&#8221;.vc_custom_1518854422347{padding-left: 10% !important;background-color: #ffffff !important;}&#8221;][vc_column_text css_animation=&#8221;slideInUp&#8221; el_class=&#8221;insurance-slider-p&#8221; css=&#8221;.vc_custom_1528964100137{padding-right: 50px !important;}&#8221;] Nuestros t\u00e9cnicos especializados en la implantaci\u00f3n de normativas analizar\u00e1n su empresa para poder as\u00ed, adaptarla a la normativa del plan de prevenci\u00f3n de delitos penales. Establecemos las pol\u00edticas y procedimientos&hellip;","_links":{"self":[{"href":"https:\/\/airamformacion.es\/index.php\/wp-json\/wp\/v2\/pages\/63"}],"collection":[{"href":"https:\/\/airamformacion.es\/index.php\/wp-json\/wp\/v2\/pages"}],"about":[{"href":"https:\/\/airamformacion.es\/index.php\/wp-json\/wp\/v2\/types\/page"}],"author":[{"embeddable":true,"href":"https:\/\/airamformacion.es\/index.php\/wp-json\/wp\/v2\/users\/1"}],"replies":[{"embeddable":true,"href":"https:\/\/airamformacion.es\/index.php\/wp-json\/wp\/v2\/comments?post=63"}],"version-history":[{"count":15,"href":"https:\/\/airamformacion.es\/index.php\/wp-json\/wp\/v2\/pages\/63\/revisions"}],"predecessor-version":[{"id":233,"href":"https:\/\/airamformacion.es\/index.php\/wp-json\/wp\/v2\/pages\/63\/revisions\/233"}],"wp:attachment":[{"href":"https:\/\/airamformacion.es\/index.php\/wp-json\/wp\/v2\/media?parent=63"}],"curies":[{"name":"wp","href":"https:\/\/api.w.org\/{rel}","templated":true}]}}