{"id":65,"date":"2018-06-06T15:15:23","date_gmt":"2018-06-06T15:15:23","guid":{"rendered":"http:\/\/airamformacion.es\/?page_id=65"},"modified":"2018-06-15T10:31:35","modified_gmt":"2018-06-15T09:31:35","slug":"blanqueodecapitales","status":"publish","type":"page","link":"https:\/\/airamformacion.es\/index.php\/blanqueodecapitales\/","title":{"rendered":"Blanqueo de Capitales"},"content":{"rendered":"[vc_section full_width=&#8221;yes&#8221; content_placement=&#8221;middle&#8221; css_animation=&#8221;appear&#8221; wn_class=&#8221;wn-section-5a62f84c8298a&#8221; css=&#8221;.vc_custom_1529048880555{background-color: #ffffff !important;}&#8221; el_id=&#8221;story&#8221;][vc_row content_placement=&#8221;middle&#8221; equal_height=&#8221;yes&#8221; css_animation=&#8221;top-to-bottom&#8221; wn_class=&#8221;wn-row-5acb160aafe69&#8243; css=&#8221;.vc_custom_1529048661167{padding-right: 25px !important;}&#8221;][vc_column width=&#8221;1\/2&#8243; wn_class=&#8221;wn-column-5a62fabc3c9f2&#8243; css=&#8221;.vc_custom_1516436160807{padding-right: 5% !important;padding-left: 10% !important;background-position: 0 0 !important;background-repeat: no-repeat !important;}&#8221; el_class=&#8221;dp-cpr-dtd-sec2&#8243;]<div class=\"wn-distance-100 wn-distance-mob-inherit\"><\/div>[vc_single_image image=&#8221;222&#8243; img_size=&#8221;full&#8221; alignment=&#8221;center&#8221; css_animation=&#8221;fadeInUp&#8221;][\/vc_column][vc_column width=&#8221;1\/2&#8243; wn_class=&#8221;wn-column-5b236e6763ea3&#8243; css=&#8221;.vc_custom_1529048693820{padding-right: 50px !important;}&#8221;]\n\t\t<div class=\"wn-deep-title-wrap wn-layer-anim-bottom  \"    \" data-id=\"1\">\n\t\t\t<div class=\"wn-deep-title\">\n\t\t\t\t<span class=\"wn-deep-title-shape after shape-coutn-0\"><\/span><h2 class=\"  wn-deep-innertitle\">ADAPTA O IMPLANTA LA LEY DE PREVENCI\u00d3N DE BLANQUEO DE CAPITALES (LPBC) EN TU EMPRESA<\/h2>\n\t\t\t<\/div>\n\t\t<\/div>[vc_column_text css_animation=&#8221;slideInUp&#8221;]\n<div class=\"et_pb_text et_pb_module et_pb_bg_layout_light et_pb_text_align_justified  et_pb_text_1\">\n<div class=\"et_pb_text_inner\">\n<p style=\"text-align: justify;\">Nuestros t\u00e9cnicos especializados en la implantaci\u00f3n de normativas analizar\u00e1n su empresa para poder as\u00ed, adaptarla a la normativa de prevenci\u00f3n de blanqueo de capitales y hacerle cumplir con sus obligaciones.<\/p>\n<\/div>\n<\/div>\n<div class=\"et_pb_text et_pb_module et_pb_bg_layout_light et_pb_text_align_justified  et_pb_text_2\">\n<div class=\"et_pb_text_inner\">\n<p style=\"text-align: justify;\">La Ley 10\/2010 de Prevenci\u00f3n del Blanqueo de Capitales y Financiaci\u00f3n del Terrorismo conlleva una amplia adquisici\u00f3n de nuevas obligaciones y el deber de implantar numerosas medidas, desarrollar diferentes procedimientos internos para dar un correcto cumplimiento de esta normativa, as\u00ed como realizar comunicaciones peri\u00f3dicas al SEPBLAC.<\/p>\n<\/div>\n<\/div>\n[\/vc_column_text][\/vc_column][\/vc_row][\/vc_section][vc_section wn_class=&#8221;wn-section-5a785c9e1d694&#8243; css=&#8221;.vc_custom_1517837490864{background-color: #e4e6ea !important;}&#8221;][vc_row wn_class=&#8221;wn-row-5acb057a4912b&#8221;][vc_column wn_class=&#8221;wn-column-5acb057a48ef1&#8243;]<div class=\"wn-distance-50 wn-distance-mob-50\"><\/div>[\/vc_column][\/vc_row][vc_row wn_class=&#8221;wn-row-5acb057a4912b&#8221;][vc_column width=&#8221;1\/6&#8243; wn_class=&#8221;wn-column-5acb057a48ef1&#8243;][\/vc_column][vc_column width=&#8221;2\/3&#8243;]\n\t\t<div class=\"wn-deep-title-wrap wn-layer-anim-left  \"    \" data-id=\"2\">\n\t\t\t<div class=\"wn-deep-title\">\n\t\t\t\t<span class=\"wn-deep-title-shape after shape-coutn-0\"><\/span><h3 class=\"  wn-deep-innertitle\">\u00bfESTOY OBLIGADO A IMPLANTAR LA NORMATIVA?<\/h3>\n\t\t\t<\/div>\n\t\t<\/div><div class=\"wn-distance-30 wn-distance-mob-40\"><\/div>[vc_column_text css_animation=&#8221;bottom-to-top&#8221; enable_animation_pro=&#8221;&#8221; el_class=&#8221;insurance-content-p&#8221;]\n<h4 style=\"text-align: center;\">El art\u00edculo 2 de la Ley 10\/2010 de Blanqueo de Capitales y Financiaci\u00f3n del Terrorismo establece los sectores que est\u00e1n obligados a realizar dicha formaci\u00f3n independientemente del dinero que facturen en su empresa.<\/h4>\n<h4 style=\"text-align: center;\">De los 26 tipos de sujetos obligados estipulados por la Ley, destacamos los siguientes:<\/h4>\n[\/vc_column_text]<div class=\"wn-distance-60 wn-distance-mob-40\"><\/div>[vc_row_inner layer_animation=&#8221;wn-layer-anim-bottom&#8221;][vc_column_inner width=&#8221;1\/4&#8243;]<article class=\"wn-icon-box icon-box-id-1 icon-box30 tlp    \"  ><i class=\"wn-icon-1 pe-7s-diamond  \"><\/i><h4 class=\"title-style\">COMERCIANTES DE JOYAS Y ARTE <\/h4><\/article>[\/vc_column_inner][vc_column_inner width=&#8221;1\/4&#8243;]<article class=\"wn-icon-box icon-box-id-2 icon-box30 tlp    \"  ><i class=\"wn-icon-2 pe-7s-settings  \"><\/i><h4 class=\"title-style\">EMPRESAS DE LOTER\u00cdA Y JUEGOS DE AZAR<\/h4><\/article>[\/vc_column_inner][vc_column_inner width=&#8221;1\/4&#8243;]<article class=\"wn-icon-box icon-box-id-3 icon-box30 tlp    \"  ><i class=\"wn-icon-3 pe-7s-help2  \"><\/i><h4 class=\"title-style\">ASEGURADORAS Y CORREDORES DE SEGUROS<\/h4><\/article>[\/vc_column_inner][vc_column_inner width=&#8221;1\/4&#8243;]<article class=\"wn-icon-box icon-box-id-4 icon-box30 tlp    \"  ><i class=\"wn-icon-4 pe-7s-key  \"><\/i><h4 class=\"title-style\">PROMOTORES Y AGENCIAS INMOBILIARIAS<\/h4><\/article>[\/vc_column_inner][\/vc_row_inner]<div class=\"wn-distance-60 wn-distance-mob-40\"><\/div>[vc_row_inner layer_animation=&#8221;wn-layer-anim-bottom&#8221;][vc_column_inner width=&#8221;1\/4&#8243;]<article class=\"wn-icon-box icon-box-id-5 icon-box30 tlp    \"  ><i class=\"wn-icon-5 pe-7s-home  \"><\/i><h4 class=\"title-style\">NOTARIOS Y REGISTRADORES DE LA PROPIEDAD<\/h4><\/article>[\/vc_column_inner][vc_column_inner width=&#8221;1\/4&#8243;]<article class=\"wn-icon-box icon-box-id-6 icon-box30 tlp    \"  ><i class=\"wn-icon-6 pe-7s-portfolio  \"><\/i><h4 class=\"title-style\">ABOGADOS Y PROCURADORES<\/h4><\/article>[\/vc_column_inner][vc_column_inner width=&#8221;1\/4&#8243;]<article class=\"wn-icon-box icon-box-id-7 icon-box30 tlp    \"  ><i class=\"wn-icon-7 pe-7s-shuffle  \"><\/i><h4 class=\"title-style\">FUNDACIONES Y ASOCIACIONES<\/h4><\/article>[\/vc_column_inner][vc_column_inner width=&#8221;1\/4&#8243;]<article class=\"wn-icon-box icon-box-id-8 icon-box30 tlp    \"  ><i class=\"wn-icon-8 pe-7s-users  \"><\/i><h4 class=\"title-style\">INTERMEDIARIOS FINANCIEROS<\/h4><\/article>[\/vc_column_inner][\/vc_row_inner][\/vc_column][vc_column width=&#8221;1\/6&#8243;][\/vc_column][\/vc_row][vc_row wn_class=&#8221;wn-row-5acb057a4912b&#8221;][vc_column wn_class=&#8221;wn-column-5acb057a48ef1&#8243;]<div class=\"wn-distance-100 wn-distance-mob-inherit\"><\/div>[\/vc_column][\/vc_row][\/vc_section][vc_section css=&#8221;.vc_custom_1485259848740{background-color: #f7f7f7 !important;}&#8221;][vc_row][vc_column]<div class=\"wn-distance-30 wn-distance-mob-40\"><\/div>\n\t\t<div class=\"wn-deep-title-wrap wn-layer-anim-left  \"    \" data-id=\"3\">\n\t\t\t<div class=\"wn-deep-title\">\n\t\t\t\t<span class=\"wn-deep-title-shape after shape-coutn-0\"><\/span><h3 class=\"  wn-deep-innertitle\">RAZONES PARA IMPLANTAR LA ADAPTACI\u00d3N DE PREVENCI\u00d3N DE BLANQUEO DE CAPITALES EN SU EMPRESA<\/h3>\n\t\t\t<\/div>\n\t\t<\/div><div class=\"wn-distance-30 wn-distance-mob-40\"><\/div>[vc_column_text css_animation=&#8221;bottom-to-top&#8221; enable_animation_pro=&#8221;&#8221; el_class=&#8221;insurance-content-p&#8221;]\n<h4 style=\"text-align: center;\">El cap\u00edtulo VIII de la Ley 10\/2010 establece las acciones que constituyen una infracci\u00f3n, categorizadas en \u201cLeves\u201d, \u201cGraves\u201d y \u201cMuy Graves\u201d, as\u00ed como las sanciones que les corresponden, y que pueden oscilar entre los 60.000 \u20ac , 1.500.000 \u20ac o cuant\u00edas mayores en funci\u00f3n de la infracci\u00f3n cometida:<\/h4>\n[\/vc_column_text]<div class=\"wn-distance-50 wn-distance-mob-inherit\"><\/div>[\/vc_column][\/vc_row][vc_row row_type=&#8221;1&#8243;][vc_column width=&#8221;1\/3&#8243; css=&#8221;.vc_custom_1485091146015{padding-bottom: 5px !important;}&#8221;]<article class=\"wn-icon-box icon-box-id-9 icon-box7 tlp    \"  ><a href=\"#\" ><i class=\"wn-icon-9 li_settings  \"><\/i><\/a><h4 class=\"title-style\">SANCIONES LEVES<\/h4><p class=\"content-style\">- Incumplimiento de la obligaci\u00f3n de identificar al titular real<\/p>\n<p>- Incumplimiento de la obligaci\u00f3n de obtenci\u00f3n de informaci\u00f3n sobre el prop\u00f3sito e \u00edndole de la relaci\u00f3n de negocios<\/p>\n<p>- Incumplimiento de aplicaci\u00f3n de las medidas de seguimiento continuo a la relaci\u00f3n de negocios<\/p>\n<p>- Incumplimiento de la obligaci\u00f3n de aplicaci\u00f3n de las medidas de diligencia a debida a los clientes<\/p>\n<p>- Incumplimiento de la obligaci\u00f3n de aplicaci\u00f3n de medidas reforzadas de diligencia<\/p>\n<p>- Incumplimiento de la obligaci\u00f3n de conservaci\u00f3n de documentos<\/p><div class=\"readmore\"><a class=\"magicmore\" href=\"#\" >M\u00ednimo 3.000 \/ M\u00e1ximo 60.000\u20ac<\/a><\/div><\/article>[\/vc_column][vc_column width=&#8221;1\/3&#8243;]<article class=\"wn-icon-box icon-box-id-10 icon-box7 tlp    \"  ><a href=\"#\" ><i class=\"wn-icon-10 li_settings  \"><\/i><\/a><h4 class=\"title-style\">SANCIONES GRAVES<\/h4><p class=\"content-style\">- El incumplimiento de obligaciones de identificaci\u00f3n formal, del cliente.<\/p>\n<p>- El incumplimiento de obligaciones de identificaci\u00f3n del titular real.<\/p>\n<p>- El incumplimiento de la obligaci\u00f3n de obtener informaci\u00f3n sobre el prop\u00f3sito e \u00edndole de la relaci\u00f3n de negocios.<\/p>\n<p>- El incumplimiento de la obligaci\u00f3n de aplicar medidas de seguimiento continuo a la relaci\u00f3n de negocios, en los t\u00e9rminos del art\u00edculo 6.<\/p>\n<p>- El incumplimiento de la obligaci\u00f3n de formaci\u00f3n de empleados, en los t\u00e9rminos del art\u00edculo 29.<\/p><div class=\"readmore\"><a class=\"magicmore\" href=\"#\" >M\u00ednimo 60.001\u20ac \/ M\u00e1ximo 150.000\u20ac<\/a><\/div><\/article>[\/vc_column][vc_column width=&#8221;1\/3&#8243;]<article class=\"wn-icon-box icon-box-id-11 icon-box7 tlp    \"  ><a href=\"#\" ><i class=\"wn-icon-11 li_settings  \"><\/i><\/a><h4 class=\"title-style\">SANCIONES MUY GRAVES<\/h4><p class=\"content-style\">- El incumplimiento de la obligaci\u00f3n de colaboraci\u00f3n establecida en el art\u00edculo 21 cuando medie requerimiento escrito de la Comisi\u00f3n de Prevenci\u00f3n del Blanqueo de Capitales e Infracciones Monetarias.<\/p>\n<p>- El incumplimiento de la prohibici\u00f3n de revelaci\u00f3n de la denuncia al cliente, establecida en el art\u00edculo 24 o del deber de reserva previsto en los art\u00edculos 46.2 y 49.2.e). El hab\u00e9rselo dicho al cliente.<\/p>\n<p>- La resistencia u obstrucci\u00f3n a la labor inspectora, siempre que medie requerimiento del personal actuante expreso y por escrito al respecto.<\/p><div class=\"readmore\"><a class=\"magicmore\" href=\"#\" >M\u00ednimo 150.001\u20ac \/ M\u00e1ximo 1.500.000\u20ac<\/a><\/div><\/article>[\/vc_column][\/vc_row][vc_row][vc_column]<div class=\"wn-distance-100 wn-distance-mob-inherit\"><\/div>[\/vc_column][\/vc_row][\/vc_section]\n","protected":false},"excerpt":{"rendered":"<p>[vc_section full_width=&#8221;yes&#8221; content_placement=&#8221;middle&#8221; css_animation=&#8221;appear&#8221; wn_class=&#8221;wn-section-5a62f84c8298a&#8221; css=&#8221;.vc_custom_1529048880555{background-color: #ffffff !important;}&#8221; el_id=&#8221;story&#8221;][vc_row content_placement=&#8221;middle&#8221; equal_height=&#8221;yes&#8221; css_animation=&#8221;top-to-bottom&#8221; wn_class=&#8221;wn-row-5acb160aafe69&#8243; css=&#8221;.vc_custom_1529048661167{padding-right: 25px !important;}&#8221;][vc_column width=&#8221;1\/2&#8243; wn_class=&#8221;wn-column-5a62fabc3c9f2&#8243; css=&#8221;.vc_custom_1516436160807{padding-right: 5% !important;padding-left: 10% !important;background-position: 0 0 !important;background-repeat: no-repeat !important;}&#8221; el_class=&#8221;dp-cpr-dtd-sec2&#8243;][vc_single_image image=&#8221;222&#8243; img_size=&#8221;full&#8221; alignment=&#8221;center&#8221; css_animation=&#8221;fadeInUp&#8221;][\/vc_column][vc_column width=&#8221;1\/2&#8243; wn_class=&#8221;wn-column-5b236e6763ea3&#8243; css=&#8221;.vc_custom_1529048693820{padding-right: 50px !important;}&#8221;][vc_column_text css_animation=&#8221;slideInUp&#8221;] Nuestros t\u00e9cnicos especializados en la implantaci\u00f3n de normativas analizar\u00e1n su empresa para poder as\u00ed, adaptarla a la normativa de prevenci\u00f3n de blanqueo de capitales y hacerle cumplir con sus obligaciones. La Ley 10\/2010 de Prevenci\u00f3n del Blanqueo de Capitales y Financiaci\u00f3n del Terrorismo conlleva una amplia adquisici\u00f3n de nuevas obligaciones y el deber de implantar numerosas medidas, desarrollar diferentes procedimientos internos para dar un correcto cumplimiento de esta normativa, as\u00ed como realizar comunicaciones peri\u00f3dicas al SEPBLAC. [\/vc_column_text][\/vc_column][\/vc_row][\/vc_section][vc_section wn_class=&#8221;wn-section-5a785c9e1d694&#8243; css=&#8221;.vc_custom_1517837490864{background-color: #e4e6ea !important;}&#8221;][vc_row wn_class=&#8221;wn-row-5acb057a4912b&#8221;][vc_column wn_class=&#8221;wn-column-5acb057a48ef1&#8243;][\/vc_column][\/vc_row][vc_row wn_class=&#8221;wn-row-5acb057a4912b&#8221;][vc_column width=&#8221;1\/6&#8243; wn_class=&#8221;wn-column-5acb057a48ef1&#8243;][\/vc_column][vc_column width=&#8221;2\/3&#8243;][vc_column_text css_animation=&#8221;bottom-to-top&#8221; enable_animation_pro=&#8221;&#8221; el_class=&#8221;insurance-content-p&#8221;] El art\u00edculo 2 de la Ley 10\/2010 de Blanqueo de Capitales y Financiaci\u00f3n del Terrorismo establece los sectores que est\u00e1n obligados a realizar dicha formaci\u00f3n independientemente del dinero que facturen en su empresa. De los 26 tipos de sujetos obligados estipulados por la Ley, destacamos los siguientes: [\/vc_column_text][vc_row_inner layer_animation=&#8221;wn-layer-anim-bottom&#8221;][vc_column_inner width=&#8221;1\/4&#8243;][\/vc_column_inner][vc_column_inner width=&#8221;1\/4&#8243;][\/vc_column_inner][vc_column_inner width=&#8221;1\/4&#8243;][\/vc_column_inner][vc_column_inner width=&#8221;1\/4&#8243;][\/vc_column_inner][\/vc_row_inner][vc_row_inner layer_animation=&#8221;wn-layer-anim-bottom&#8221;][vc_column_inner width=&#8221;1\/4&#8243;][\/vc_column_inner][vc_column_inner width=&#8221;1\/4&#8243;][\/vc_column_inner][vc_column_inner width=&#8221;1\/4&#8243;][\/vc_column_inner][vc_column_inner width=&#8221;1\/4&#8243;][\/vc_column_inner][\/vc_row_inner][\/vc_column][vc_column width=&#8221;1\/6&#8243;][\/vc_column][\/vc_row][vc_row wn_class=&#8221;wn-row-5acb057a4912b&#8221;][vc_column wn_class=&#8221;wn-column-5acb057a48ef1&#8243;][\/vc_column][\/vc_row][\/vc_section][vc_section css=&#8221;.vc_custom_1485259848740{background-color: #f7f7f7 !important;}&#8221;][vc_row][vc_column][vc_column_text css_animation=&#8221;bottom-to-top&#8221; enable_animation_pro=&#8221;&#8221; el_class=&#8221;insurance-content-p&#8221;] El cap\u00edtulo VIII de la Ley 10\/2010 establece las acciones que constituyen una infracci\u00f3n, categorizadas en \u201cLeves\u201d, \u201cGraves\u201d y \u201cMuy Graves\u201d, as\u00ed como las sanciones que les corresponden, y que pueden oscilar entre los 60.000 \u20ac , 1.500.000 \u20ac o cuant\u00edas mayores en funci\u00f3n de la infracci\u00f3n cometida: [\/vc_column_text][\/vc_column][\/vc_row][vc_row row_type=&#8221;1&#8243;][vc_column width=&#8221;1\/3&#8243; css=&#8221;.vc_custom_1485091146015{padding-bottom: 5px !important;}&#8221;][\/vc_column][vc_column width=&#8221;1\/3&#8243;][\/vc_column][vc_column width=&#8221;1\/3&#8243;][\/vc_column][\/vc_row][vc_row][vc_column][\/vc_column][\/vc_row][\/vc_section]<\/p>\n","protected":false},"author":1,"featured_media":0,"parent":0,"menu_order":0,"comment_status":"closed","ping_status":"closed","template":"","meta":{"_uag_custom_page_level_css":"","footnotes":""},"uagb_featured_image_src":{"full":false,"thumbnail":false,"medium":false,"medium_large":false,"large":false,"1536x1536":false,"2048x2048":false,"rt_media_thumbnail":false,"rt_media_activity_image":false,"rt_media_single_image":false,"rt_media_featured_image":false},"uagb_author_info":{"display_name":"admin5767","author_link":"https:\/\/airamformacion.es\/index.php\/author\/admin5767\/"},"uagb_comment_info":0,"uagb_excerpt":"[vc_section full_width=&#8221;yes&#8221; content_placement=&#8221;middle&#8221; css_animation=&#8221;appear&#8221; wn_class=&#8221;wn-section-5a62f84c8298a&#8221; css=&#8221;.vc_custom_1529048880555{background-color: #ffffff !important;}&#8221; el_id=&#8221;story&#8221;][vc_row content_placement=&#8221;middle&#8221; equal_height=&#8221;yes&#8221; css_animation=&#8221;top-to-bottom&#8221; wn_class=&#8221;wn-row-5acb160aafe69&#8243; css=&#8221;.vc_custom_1529048661167{padding-right: 25px !important;}&#8221;][vc_column width=&#8221;1\/2&#8243; wn_class=&#8221;wn-column-5a62fabc3c9f2&#8243; css=&#8221;.vc_custom_1516436160807{padding-right: 5% !important;padding-left: 10% !important;background-position: 0 0 !important;background-repeat: no-repeat !important;}&#8221; el_class=&#8221;dp-cpr-dtd-sec2&#8243;][vc_single_image image=&#8221;222&#8243; img_size=&#8221;full&#8221; alignment=&#8221;center&#8221; css_animation=&#8221;fadeInUp&#8221;][\/vc_column][vc_column width=&#8221;1\/2&#8243; wn_class=&#8221;wn-column-5b236e6763ea3&#8243; css=&#8221;.vc_custom_1529048693820{padding-right: 50px !important;}&#8221;][vc_column_text css_animation=&#8221;slideInUp&#8221;] Nuestros t\u00e9cnicos especializados en la implantaci\u00f3n de normativas analizar\u00e1n su empresa para poder as\u00ed, adaptarla a&hellip;","_links":{"self":[{"href":"https:\/\/airamformacion.es\/index.php\/wp-json\/wp\/v2\/pages\/65"}],"collection":[{"href":"https:\/\/airamformacion.es\/index.php\/wp-json\/wp\/v2\/pages"}],"about":[{"href":"https:\/\/airamformacion.es\/index.php\/wp-json\/wp\/v2\/types\/page"}],"author":[{"embeddable":true,"href":"https:\/\/airamformacion.es\/index.php\/wp-json\/wp\/v2\/users\/1"}],"replies":[{"embeddable":true,"href":"https:\/\/airamformacion.es\/index.php\/wp-json\/wp\/v2\/comments?post=65"}],"version-history":[{"count":8,"href":"https:\/\/airamformacion.es\/index.php\/wp-json\/wp\/v2\/pages\/65\/revisions"}],"predecessor-version":[{"id":225,"href":"https:\/\/airamformacion.es\/index.php\/wp-json\/wp\/v2\/pages\/65\/revisions\/225"}],"wp:attachment":[{"href":"https:\/\/airamformacion.es\/index.php\/wp-json\/wp\/v2\/media?parent=65"}],"curies":[{"name":"wp","href":"https:\/\/api.w.org\/{rel}","templated":true}]}}