{"id":7,"date":"2018-06-05T14:51:04","date_gmt":"2018-06-05T14:51:04","guid":{"rendered":"http:\/\/airamformacion.es\/?page_id=7"},"modified":"2018-06-07T14:27:10","modified_gmt":"2018-06-07T13:27:10","slug":"inicio","status":"publish","type":"page","link":"https:\/\/airamformacion.es\/","title":{"rendered":"Inicio"},"content":{"rendered":"[vc_section full_width=&#8221;yes&#8221; wn_parallax=&#8221;content-moving&#8221; wn_class=&#8221;wn-section-5b192a8623da3&#8243; css=&#8221;.vc_custom_1528378004154{background-image: url(http:\/\/airamformacion.es\/wp-content\/uploads\/2018\/06\/954-1.jpg?id=100) !important;}&#8221;][vc_row row_dark=&#8221;yes&#8221; align_center=&#8221;aligncenter&#8221;][vc_column width=&#8221;1\/4&#8243;][\/vc_column][vc_column css_animation=&#8221;bounceIn&#8221; width=&#8221;1\/2&#8243; wn_class=&#8221;wn-column-5b19047125b12&#8243;]<div class=\"wn-distance-100 wn-distance-mob-inherit\"><\/div><div class=\"wn-distance-60 wn-distance-mob-inherit\"><\/div>[vc_column_text css_animation=&#8221;bottom-to-top&#8221; enable_animation_pro=&#8221;true&#8221;]\n<h1 style=\"text-align: center;\">AIRAM FORMACI\u00d3N INSULAR<\/h1>\n[\/vc_column_text]<div class=\"wn-distance-40 wn-distance-mob-inherit\"><\/div>[vc_column_text css_animation=&#8221;bottom-to-top&#8221;]\n<h4 style=\"text-align: center; line-height: 1.5;\">Desde Airam te ayudamos a cumplir con todas las normativas obligatorias laborales. Nueva Ley Org\u00e1nica de Protecci\u00f3n de Datos (RGPD), Prevenci\u00f3n de Riesgos Laborales (PRL), Compliance, Prevenci\u00f3n de Blanqueo de Capitales&#8230;..<\/h4>\n[\/vc_column_text]<div class=\"wn-distance-40 wn-distance-mob-inherit\"><\/div>\n \t\t<a href=\"http:\/\/airamformacion.es\/index.php\/que-ofrecemos\/\" data-btnid=\"6609396\" class=\"button  white rounded large  arrow \"  target=\"_blank\"><span><i class=\"li_search\"><\/i>VER SERVICIOS<\/span><\/a><div class=\"wn-distance-10 wn-distance-mob-inherit\"><\/div><div class=\"wn-distance-100 wn-distance-mob-inherit\"><\/div>[\/vc_column][vc_column width=&#8221;1\/4&#8243;][\/vc_column][\/vc_row][vc_row row_dark=&#8221;yes&#8221; layer_animation=&#8221;true&#8221; css=&#8221;.vc_custom_1485697207552{border-top-width: 1px !important;border-top-color: rgba(255,255,255,0.32) !important;border-top-style: solid !important;}&#8221;][vc_column width=&#8221;1\/3&#8243; css=&#8221;.vc_custom_1482742592851{padding-right: 0px !important;padding-left: 0px !important;}&#8221;]<article class=\"wn-icon-box icon-box-id-1 icon-box12 tlp    \"  ><a href=\"#\" ><i class=\"wn-icon-1 ti-thumb-up  \"><\/i><\/a><h4 class=\"title-style\">COMPROMISO<\/h4><p class=\"content-style\">Los clientes son el centro de todo lo que hacemos. Escuchamos sus necesidades y deseos y colaboramos para encontrar nuevas v\u00edas que le satisfagan.<\/p><\/article>[\/vc_column][vc_column width=&#8221;1\/3&#8243; css=&#8221;.vc_custom_1482742659701{border-right-width: 1px !important;border-left-width: 1px !important;padding-right: 0px !important;padding-left: 0px !important;border-left-color: rgba(255,255,255,0.32) !important;border-left-style: solid !important;border-right-color: rgba(255,255,255,0.32) !important;border-right-style: solid !important;}&#8221;]<article class=\"wn-icon-box icon-box-id-2 icon-box12 tlp    \"  ><a href=\"#\" ><i class=\"wn-icon-2 ti-medall  \"><\/i><\/a><h4 class=\"title-style\">CALIDAD<\/h4><p class=\"content-style\">La calidad de servicio es fundamental en la estrategia corporativa de Airam, que cuenta con un modelo corporativo para la gesti\u00f3n de la calidad.<\/p><\/article>[\/vc_column][vc_column width=&#8221;1\/3&#8243; css=&#8221;.vc_custom_1482742623036{padding-right: 0px !important;padding-left: 0px !important;}&#8221;]<article class=\"wn-icon-box icon-box-id-3 icon-box12 tlp    \"  ><a href=\"#\" ><i class=\"wn-icon-3 icon-ecommerce-euro  \"><\/i><\/a><h4 class=\"title-style\">COMPROMISO<\/h4><p class=\"content-style\">Para nosotros la calidad no esta re\u00f1ida con el precio. Nuestros precios son realmente competitivos.<br \/>\n\u00a1No dudes en preguntarnos!<\/p><\/article>[\/vc_column][\/vc_row][\/vc_section]\n","protected":false},"excerpt":{"rendered":"<p>[vc_section full_width=&#8221;yes&#8221; wn_parallax=&#8221;content-moving&#8221; wn_class=&#8221;wn-section-5b192a8623da3&#8243; css=&#8221;.vc_custom_1528378004154{background-image: url(http:\/\/airamformacion.es\/wp-content\/uploads\/2018\/06\/954-1.jpg?id=100) !important;}&#8221;][vc_row row_dark=&#8221;yes&#8221; align_center=&#8221;aligncenter&#8221;][vc_column width=&#8221;1\/4&#8243;][\/vc_column][vc_column css_animation=&#8221;bounceIn&#8221; width=&#8221;1\/2&#8243; wn_class=&#8221;wn-column-5b19047125b12&#8243;][vc_column_text css_animation=&#8221;bottom-to-top&#8221; enable_animation_pro=&#8221;true&#8221;] AIRAM FORMACI\u00d3N INSULAR [\/vc_column_text][vc_column_text css_animation=&#8221;bottom-to-top&#8221;] Desde Airam te ayudamos a cumplir con todas las normativas obligatorias laborales. Nueva Ley Org\u00e1nica de Protecci\u00f3n de Datos (RGPD), Prevenci\u00f3n de Riesgos Laborales (PRL), Compliance, Prevenci\u00f3n de Blanqueo de Capitales&#8230;.. [\/vc_column_text][\/vc_column][vc_column width=&#8221;1\/4&#8243;][\/vc_column][\/vc_row][vc_row row_dark=&#8221;yes&#8221; layer_animation=&#8221;true&#8221; css=&#8221;.vc_custom_1485697207552{border-top-width: 1px !important;border-top-color: rgba(255,255,255,0.32) !important;border-top-style: solid !important;}&#8221;][vc_column width=&#8221;1\/3&#8243; css=&#8221;.vc_custom_1482742592851{padding-right: 0px !important;padding-left: 0px !important;}&#8221;][\/vc_column][vc_column width=&#8221;1\/3&#8243; css=&#8221;.vc_custom_1482742659701{border-right-width: 1px !important;border-left-width: 1px !important;padding-right: 0px !important;padding-left: 0px !important;border-left-color: rgba(255,255,255,0.32) !important;border-left-style: solid !important;border-right-color: rgba(255,255,255,0.32) !important;border-right-style: solid !important;}&#8221;][\/vc_column][vc_column width=&#8221;1\/3&#8243; css=&#8221;.vc_custom_1482742623036{padding-right: 0px !important;padding-left: 0px !important;}&#8221;][\/vc_column][\/vc_row][\/vc_section]<\/p>\n","protected":false},"author":1,"featured_media":0,"parent":0,"menu_order":0,"comment_status":"closed","ping_status":"closed","template":"","meta":{"_uag_custom_page_level_css":"","footnotes":""},"uagb_featured_image_src":{"full":false,"thumbnail":false,"medium":false,"medium_large":false,"large":false,"1536x1536":false,"2048x2048":false,"rt_media_thumbnail":false,"rt_media_activity_image":false,"rt_media_single_image":false,"rt_media_featured_image":false},"uagb_author_info":{"display_name":"admin5767","author_link":"https:\/\/airamformacion.es\/index.php\/author\/admin5767\/"},"uagb_comment_info":0,"uagb_excerpt":"[vc_section full_width=&#8221;yes&#8221; wn_parallax=&#8221;content-moving&#8221; wn_class=&#8221;wn-section-5b192a8623da3&#8243; css=&#8221;.vc_custom_1528378004154{background-image: url(http:\/\/airamformacion.es\/wp-content\/uploads\/2018\/06\/954-1.jpg?id=100) !important;}&#8221;][vc_row row_dark=&#8221;yes&#8221; align_center=&#8221;aligncenter&#8221;][vc_column width=&#8221;1\/4&#8243;][\/vc_column][vc_column css_animation=&#8221;bounceIn&#8221; width=&#8221;1\/2&#8243; wn_class=&#8221;wn-column-5b19047125b12&#8243;][vc_column_text css_animation=&#8221;bottom-to-top&#8221; enable_animation_pro=&#8221;true&#8221;] AIRAM FORMACI\u00d3N INSULAR [\/vc_column_text][vc_column_text css_animation=&#8221;bottom-to-top&#8221;] Desde Airam te ayudamos a cumplir con todas las normativas obligatorias laborales. Nueva Ley Org\u00e1nica de Protecci\u00f3n de Datos (RGPD), Prevenci\u00f3n de Riesgos Laborales (PRL), Compliance, Prevenci\u00f3n de Blanqueo de Capitales&#8230;.. [\/vc_column_text][\/vc_column][vc_column width=&#8221;1\/4&#8243;][\/vc_column][\/vc_row][vc_row row_dark=&#8221;yes&#8221; layer_animation=&#8221;true&#8221;&hellip;","_links":{"self":[{"href":"https:\/\/airamformacion.es\/index.php\/wp-json\/wp\/v2\/pages\/7"}],"collection":[{"href":"https:\/\/airamformacion.es\/index.php\/wp-json\/wp\/v2\/pages"}],"about":[{"href":"https:\/\/airamformacion.es\/index.php\/wp-json\/wp\/v2\/types\/page"}],"author":[{"embeddable":true,"href":"https:\/\/airamformacion.es\/index.php\/wp-json\/wp\/v2\/users\/1"}],"replies":[{"embeddable":true,"href":"https:\/\/airamformacion.es\/index.php\/wp-json\/wp\/v2\/comments?post=7"}],"version-history":[{"count":5,"href":"https:\/\/airamformacion.es\/index.php\/wp-json\/wp\/v2\/pages\/7\/revisions"}],"predecessor-version":[{"id":101,"href":"https:\/\/airamformacion.es\/index.php\/wp-json\/wp\/v2\/pages\/7\/revisions\/101"}],"wp:attachment":[{"href":"https:\/\/airamformacion.es\/index.php\/wp-json\/wp\/v2\/media?parent=7"}],"curies":[{"name":"wp","href":"https:\/\/api.w.org\/{rel}","templated":true}]}}