{"id":73,"date":"2018-06-06T15:17:09","date_gmt":"2018-06-06T15:17:09","guid":{"rendered":"http:\/\/airamformacion.es\/?page_id=73"},"modified":"2018-09-07T09:27:51","modified_gmt":"2018-09-07T08:27:51","slug":"contacto-2","status":"publish","type":"page","link":"https:\/\/airamformacion.es\/index.php\/contacto-2\/","title":{"rendered":"Contacto"},"content":{"rendered":"[vc_row][vc_column][vc_empty_space][\/vc_column][\/vc_row][vc_row css_animation=&#8221;fadeInUp&#8221; wn_class=&#8221;wn-row-5b1e3c566ff4f&#8221;][vc_column css_animation=&#8221;flipInX&#8221; width=&#8221;4\/12&#8243; wn_class=&#8221;wn-column-5b1e6511bde8a&#8221; css=&#8221;.vc_custom_1528718615813{padding-right: 8% !important;}&#8221;]\n\t\t<div class=\"wn-deep-title-wrap wn-layer-anim-top  \"    \" data-id=\"1\">\n\t\t\t<div class=\"wn-deep-title\">\n\t\t\t\t<span class=\"wn-deep-title-shape after shape-coutn-0\"><\/span><span class=\"wn-deep-title-shape after shape-coutn-1\"><\/span><h3 class=\"  wn-deep-innertitle\">DONDE<\/h3><h2 class=\"  wn-deep-subtitle\">ENCONTRARNOS<\/h2>\n\t\t\t<\/div>\n\t\t<\/div><div class=\"wn-distance-40 wn-distance-mob-30\"><\/div><div role=\"form\" class=\"wpcf7\" id=\"wpcf7-f145-o1\" lang=\"es-ES\" dir=\"ltr\">\n<div class=\"screen-reader-response\"><\/div>\n<form action=\"\/index.php\/wp-json\/wp\/v2\/pages\/73#wpcf7-f145-o1\" method=\"post\" class=\"wpcf7-form\" novalidate=\"novalidate\">\n<div style=\"display: none;\">\n<input type=\"hidden\" name=\"_wpcf7\" value=\"145\" \/>\n<input type=\"hidden\" name=\"_wpcf7_version\" value=\"5.0.2\" \/>\n<input type=\"hidden\" name=\"_wpcf7_locale\" value=\"es_ES\" \/>\n<input type=\"hidden\" name=\"_wpcf7_unit_tag\" value=\"wpcf7-f145-o1\" \/>\n<input type=\"hidden\" name=\"_wpcf7_container_post\" value=\"0\" \/>\n<\/div>\n<p>Nombre y Apellidos (Obligatorio)<br \/> <br \/>\n<span class=\"wpcf7-form-control-wrap your-name\"><input type=\"text\" name=\"your-name\" value=\"\" size=\"40\" class=\"wpcf7-form-control wpcf7-text wpcf7-validates-as-required\" aria-required=\"true\" aria-invalid=\"false\" \/><\/span> <\/p>\n<p>Tel\u00e9fono (Obligatorio) <br \/>\n<span class=\"wpcf7-form-control-wrap tel-114\"><input type=\"tel\" name=\"tel-114\" value=\"\" size=\"40\" class=\"wpcf7-form-control wpcf7-text wpcf7-tel wpcf7-validates-as-required wpcf7-validates-as-tel\" aria-required=\"true\" aria-invalid=\"false\" \/><\/span><\/p>\n<p>Email (Obligatorio)<br \/>\n<span class=\"wpcf7-form-control-wrap your-email\"><input type=\"email\" name=\"your-email\" value=\"\" size=\"40\" class=\"wpcf7-form-control wpcf7-text wpcf7-email wpcf7-validates-as-required wpcf7-validates-as-email\" aria-required=\"true\" aria-invalid=\"false\" \/><\/span> <\/p>\n<p> CIF\/DNI <br \/>\n<span class=\"wpcf7-form-control-wrap CIFEMPRESA-998\"><input type=\"text\" name=\"CIFEMPRESA-998\" value=\"\" size=\"40\" class=\"wpcf7-form-control wpcf7-text\" aria-invalid=\"false\" \/><\/span><\/p>\n<p>Asunto<br \/>\n<span class=\"wpcf7-form-control-wrap your-subject\"><input type=\"text\" name=\"your-subject\" value=\"\" size=\"40\" class=\"wpcf7-form-control wpcf7-text\" aria-invalid=\"false\" \/><\/span> <\/p>\n<p>Su Mensaje<br \/>\n<span class=\"wpcf7-form-control-wrap your-message\"><textarea name=\"your-message\" cols=\"40\" rows=\"10\" class=\"wpcf7-form-control wpcf7-textarea\" aria-invalid=\"false\"><\/textarea><\/span> <\/p>\n<p><input type=\"submit\" value=\"Enviar\" class=\"wpcf7-form-control wpcf7-submit\" \/><\/p>\n<p><span class=\"wpcf7-form-control-wrap acceptance-388\"><span class=\"wpcf7-form-control wpcf7-acceptance\"><span class=\"wpcf7-list-item\"><label><input type=\"checkbox\" name=\"acceptance-388\" value=\"1\" aria-invalid=\"false\" \/><span class=\"wpcf7-list-item-label\"><a href=\"http:\/\/asesoresformacion.es\/index.html\/politica-de-privacidad\/\">Acepto Pol\u00edtica de Privacidad<\/a><\/span><\/label><\/span><\/span><\/span><\/p>\n<div class=\"wpcf7-form-control-wrap\"><div data-sitekey=\"6LfCWoIUAAAAAHwJbi02f3O83-igCdjQu9X7cKRX\" class=\"wpcf7-form-control g-recaptcha wpcf7-recaptcha\"><\/div>\n<noscript>\n\t<div style=\"width: 302px; height: 422px;\">\n\t\t<div style=\"width: 302px; height: 422px; position: relative;\">\n\t\t\t<div style=\"width: 302px; height: 422px; position: absolute;\">\n\t\t\t\t<iframe src=\"https:\/\/www.google.com\/recaptcha\/api\/fallback?k=6LfCWoIUAAAAAHwJbi02f3O83-igCdjQu9X7cKRX\" frameborder=\"0\" scrolling=\"no\" style=\"width: 302px; height:422px; border-style: none;\">\n\t\t\t\t<\/iframe>\n\t\t\t<\/div>\n\t\t\t<div style=\"width: 300px; height: 60px; border-style: none; bottom: 12px; left: 25px; margin: 0px; padding: 0px; right: 25px; background: #f9f9f9; border: 1px solid #c1c1c1; border-radius: 3px;\">\n\t\t\t\t<textarea id=\"g-recaptcha-response\" name=\"g-recaptcha-response\" class=\"g-recaptcha-response\" style=\"width: 250px; height: 40px; border: 1px solid #c1c1c1; margin: 10px 25px; padding: 0px; resize: none;\">\n\t\t\t\t<\/textarea>\n\t\t\t<\/div>\n\t\t<\/div>\n\t<\/div>\n<\/noscript>\n<\/div><br \/>\n<div class=\"wpcf7-response-output wpcf7-display-none\"><\/div><\/form><\/div>[\/vc_column][vc_column css_animation=&#8221;fadeInRight&#8221; width=&#8221;6\/12&#8243; wn_class=&#8221;wn-column-5b1e64f03474a&#8221; css=&#8221;.vc_custom_1528718581641{padding-right: 0px !important;}&#8221;]\n\t<div class=\"w-map \"  >\n\t\t<div \n\t\tdata-map-draggable\t\t\t= \"true\"\n\t\tdata-map-type-display\t\t= \"true\"\n\t\tdata-map-zoom-control \t\t= \"true\"\n\t\tdata-map-scroll-wheel \t\t= \"false\"\n\t\tdata-map-street-view \t\t= \"true\"\n\t\tdata-map-scale-control \t\t= \"true\"\n\t\tdata-map-zoom \t\t\t\t= \"18\"\n\t\tdata-map-zoom-click \t\t= \"18\"\n\t\tdata-map-types \t\t\t\t= \"roadmap\"\n\t\tdata-map-latitude-center \t= \"28.149664\"\n\t\tdata-map-longitude-center \t= \"-15.430165\"\n\t\tdata-map-background-color \t= \"\"\n\t\tdata-map-hue-color \t\t\t= \"\"\n\t\tdata-map-animation \t\t\t= \"true\"\n\t\tdata-map-addresses \t\t\t= \"['AIRAM FORMACI\u00d3N',28.149664,-15.430165,radar,'Calle Am\u00e9rico Vespucio 68, Bajo.\n35009 - Las Palmas de Gran Canaria']|\"\n\t\tdata-map-animation-value\t= \"none\"\n\t\tdata-map-marker-type\t\t= \"radar\"\n\t\tdata-map-marker-color\t\t= \"#27d2fb\"\n\t\tdata-map-style\t\t\t\t= \"simple\"\n\t\tid\t\t\t\t\t\t\t= \"map_1\"\n\t\tstyle \t\t\t\t\t\t= \"height:563px;\"\n\t\tclass \t\t\t\t\t\t= \"webnus-google-map\"\n\t\t>\n\t\t<\/div>\n\t<\/div>\n\n\t[\/vc_column][vc_column css_animation=&#8221;bounceInUp&#8221; width=&#8221;2\/12&#8243; wn_class=&#8221;wn-column-5b1e2ad68c86f&#8221; css=&#8221;.vc_custom_1528718552009{padding-left: 35px !important;background-color: #27d2fb !important;}&#8221; el_class=&#8221;colorb&#8221;]<div class=\"wn-distance-50 wn-distance-mob-10\"><\/div><article class=\"wn-icon-box icon-box-id-1 icon-box5 tlp    \"  ><i class=\"wn-icon-1 icon-basic-tablet  \"><\/i><h4 class=\"title-style\"><strong>TEL\u00c9FONO<\/strong><\/h4><p class=\"content-style\">91 159 23 58<br \/>\n000 000 000<\/p><\/article><div class=\"wn-distance-50 wn-distance-mob-10\"><\/div><article class=\"wn-icon-box icon-box-id-2 icon-box5 tlp    \"  ><i class=\"wn-icon-2 icon-basic-mail-open-text  \"><\/i><h4 class=\"title-style\"><strong>EMAILS<\/strong><\/h4><p class=\"content-style\">info@airamformacion.es<br \/>\nventas@airamformacion.es<\/p><\/article><div class=\"wn-distance-50 wn-distance-mob-10\"><\/div><article class=\"wn-icon-box icon-box-id-3 icon-box5 tlp    \"  ><i class=\"wn-icon-3 icon-basic-geolocalize-01  \"><\/i><h4 class=\"title-style\"><strong>DIRECCI\u00d3N<\/strong><\/h4><p class=\"content-style\">C\/ Am\u00e9rico Vespucio 68, Bajo.<br \/>\n35009 - Las Palmas de Gran Canaria<\/p><\/article><div class=\"wn-distance-50 wn-distance-mob-10\"><\/div>[\/vc_column][\/vc_row][vc_row][vc_column][vc_separator][vc_message message_box_color=&#8221;grey&#8221; css_animation=&#8221;slideInDown&#8221;]\n<p style=\"text-align: justify;\"><strong>Airam Formaci\u00f3n\u00a0<\/strong>te informa que los datos de car\u00e1cter personal que nos proporciones rellenando el presente formulario ser\u00e1n tratados por <strong>Airam <\/strong><strong>Formaci\u00f3n<\/strong>\u00a0<strong>S.L.<\/strong>\u00a0como responsable de esta web. La finalidad de la recogida y tratamiento de los datos personales que te solicitamos es para poder responder a la mayor brevedad posible tus preguntas, enviarte nuestras publicaciones, promociones de productos y\/o servicios y recursos exclusivos. La legitimaci\u00f3n se realiza a trav\u00e9s del consentimiento del interesado. Te informamos que los datos que nos facilitas estar\u00e1n ubicados en nuestros servidores. El hecho de que no introduzcas los datos de car\u00e1cter personal que aparecen en el formulario como obligatorios podr\u00e1 tener como consecuencia que no se pueda atender tu solicitud. Podr\u00e1s ejercer tus derechos de acceso, rectificaci\u00f3n, limitaci\u00f3n y suprimir los datos en\u00a0<a href=\"mailto:info@airamformacion.es\">info@airamformacion.es<\/a>\u00a0as\u00ed como el derecho a presentar una reclamaci\u00f3n ante una autoridad de control. Puedes consultar la informaci\u00f3n adicional y detallada sobre Protecci\u00f3n de Datos en nuestra\u00a0<a href=\"http:\/\/airamformacion.es\/index.php\/politica-de-privacidad\/\">Pol\u00edtica de Privacidad<\/a>.<\/p>\n[\/vc_message][\/vc_column][\/vc_row]\n","protected":false},"excerpt":{"rendered":"<p>[vc_row][vc_column][vc_empty_space][\/vc_column][\/vc_row][vc_row css_animation=&#8221;fadeInUp&#8221; wn_class=&#8221;wn-row-5b1e3c566ff4f&#8221;][vc_column css_animation=&#8221;flipInX&#8221; width=&#8221;4\/12&#8243; wn_class=&#8221;wn-column-5b1e6511bde8a&#8221; css=&#8221;.vc_custom_1528718615813{padding-right: 8% !important;}&#8221;][\/vc_column][vc_column css_animation=&#8221;fadeInRight&#8221; width=&#8221;6\/12&#8243; wn_class=&#8221;wn-column-5b1e64f03474a&#8221; css=&#8221;.vc_custom_1528718581641{padding-right: 0px !important;}&#8221;][\/vc_column][vc_column css_animation=&#8221;bounceInUp&#8221; width=&#8221;2\/12&#8243; wn_class=&#8221;wn-column-5b1e2ad68c86f&#8221; css=&#8221;.vc_custom_1528718552009{padding-left: 35px !important;background-color: #27d2fb !important;}&#8221; el_class=&#8221;colorb&#8221;][\/vc_column][\/vc_row][vc_row][vc_column][vc_separator][vc_message message_box_color=&#8221;grey&#8221; css_animation=&#8221;slideInDown&#8221;] Airam Formaci\u00f3n\u00a0te informa que los datos de car\u00e1cter personal que nos proporciones rellenando el presente formulario ser\u00e1n tratados por Airam Formaci\u00f3n\u00a0S.L.\u00a0como responsable de esta web. La finalidad de la recogida y tratamiento de los datos personales que te solicitamos es para poder responder a la mayor brevedad posible tus preguntas, enviarte nuestras publicaciones, promociones de productos y\/o servicios y recursos exclusivos. La legitimaci\u00f3n se realiza a trav\u00e9s del consentimiento del interesado. Te informamos que los datos que nos facilitas estar\u00e1n ubicados en nuestros servidores. El hecho de que no introduzcas los datos de car\u00e1cter personal que aparecen en el formulario como obligatorios podr\u00e1 tener como consecuencia que no se pueda atender tu solicitud. Podr\u00e1s ejercer tus derechos de acceso, rectificaci\u00f3n, limitaci\u00f3n y suprimir los datos en\u00a0info@airamformacion.es\u00a0as\u00ed como el derecho a presentar una reclamaci\u00f3n ante una autoridad de control. Puedes consultar la informaci\u00f3n adicional y detallada sobre Protecci\u00f3n de Datos en nuestra\u00a0Pol\u00edtica de Privacidad. [\/vc_message][\/vc_column][\/vc_row]<\/p>\n","protected":false},"author":1,"featured_media":0,"parent":0,"menu_order":0,"comment_status":"closed","ping_status":"closed","template":"","meta":{"_uag_custom_page_level_css":"","footnotes":""},"uagb_featured_image_src":{"full":false,"thumbnail":false,"medium":false,"medium_large":false,"large":false,"1536x1536":false,"2048x2048":false,"rt_media_thumbnail":false,"rt_media_activity_image":false,"rt_media_single_image":false,"rt_media_featured_image":false},"uagb_author_info":{"display_name":"admin5767","author_link":"https:\/\/airamformacion.es\/index.php\/author\/admin5767\/"},"uagb_comment_info":0,"uagb_excerpt":"[vc_row][vc_column][vc_empty_space][\/vc_column][\/vc_row][vc_row css_animation=&#8221;fadeInUp&#8221; wn_class=&#8221;wn-row-5b1e3c566ff4f&#8221;][vc_column css_animation=&#8221;flipInX&#8221; width=&#8221;4\/12&#8243; wn_class=&#8221;wn-column-5b1e6511bde8a&#8221; css=&#8221;.vc_custom_1528718615813{padding-right: 8% !important;}&#8221;][\/vc_column][vc_column css_animation=&#8221;fadeInRight&#8221; width=&#8221;6\/12&#8243; wn_class=&#8221;wn-column-5b1e64f03474a&#8221; css=&#8221;.vc_custom_1528718581641{padding-right: 0px !important;}&#8221;][\/vc_column][vc_column css_animation=&#8221;bounceInUp&#8221; width=&#8221;2\/12&#8243; wn_class=&#8221;wn-column-5b1e2ad68c86f&#8221; css=&#8221;.vc_custom_1528718552009{padding-left: 35px !important;background-color: #27d2fb !important;}&#8221; el_class=&#8221;colorb&#8221;][\/vc_column][\/vc_row][vc_row][vc_column][vc_separator][vc_message message_box_color=&#8221;grey&#8221; css_animation=&#8221;slideInDown&#8221;] Airam Formaci\u00f3n\u00a0te informa que los datos de car\u00e1cter personal que nos proporciones rellenando el presente formulario ser\u00e1n tratados por Airam Formaci\u00f3n\u00a0S.L.\u00a0como responsable de esta web. La finalidad de la&hellip;","_links":{"self":[{"href":"https:\/\/airamformacion.es\/index.php\/wp-json\/wp\/v2\/pages\/73"}],"collection":[{"href":"https:\/\/airamformacion.es\/index.php\/wp-json\/wp\/v2\/pages"}],"about":[{"href":"https:\/\/airamformacion.es\/index.php\/wp-json\/wp\/v2\/types\/page"}],"author":[{"embeddable":true,"href":"https:\/\/airamformacion.es\/index.php\/wp-json\/wp\/v2\/users\/1"}],"replies":[{"embeddable":true,"href":"https:\/\/airamformacion.es\/index.php\/wp-json\/wp\/v2\/comments?post=73"}],"version-history":[{"count":6,"href":"https:\/\/airamformacion.es\/index.php\/wp-json\/wp\/v2\/pages\/73\/revisions"}],"predecessor-version":[{"id":300,"href":"https:\/\/airamformacion.es\/index.php\/wp-json\/wp\/v2\/pages\/73\/revisions\/300"}],"wp:attachment":[{"href":"https:\/\/airamformacion.es\/index.php\/wp-json\/wp\/v2\/media?parent=73"}],"curies":[{"name":"wp","href":"https:\/\/api.w.org\/{rel}","templated":true}]}}